{"id":141,"date":"2022-08-25T18:51:17","date_gmt":"2022-08-25T21:51:17","guid":{"rendered":"https:\/\/www.zocalo.cl\/?page_id=141"},"modified":"2024-02-02T15:57:05","modified_gmt":"2024-02-02T18:57:05","slug":"index","status":"publish","type":"page","link":"https:\/\/www.zocalo.cl\/","title":{"rendered":""},"content":{"rendered":"\n<figure class=\"wp-block-image size-full\"><a href=\"https:\/\/www.zocalo.cl\/wp-content\/uploads\/2022\/08\/home.jpg\"><img loading=\"lazy\" decoding=\"async\" width=\"798\" height=\"450\" src=\"https:\/\/www.zocalo.cl\/wp-content\/uploads\/2022\/08\/home.jpg\" alt=\"\" class=\"wp-image-135\" srcset=\"https:\/\/www.zocalo.cl\/wp-content\/uploads\/2022\/08\/home.jpg 798w, https:\/\/www.zocalo.cl\/wp-content\/uploads\/2022\/08\/home-300x169.jpg 300w, https:\/\/www.zocalo.cl\/wp-content\/uploads\/2022\/08\/home-768x433.jpg 768w\" sizes=\"auto, (max-width: 798px) 100vw, 798px\" \/><\/a><\/figure>\n\n\n\n<p><\/p>\n\n\n\n<p class=\"has-text-align-center\">El Z\u00f3calo nace el 17 de abril del 2001, cuando mi conocida web <br>&#8216;El Rinc\u00f3n de la Brujita&#8217; llevaba ya 2 a\u00f1os online, aqu\u00ed alojamos varios sitios con mi entonces compa\u00f1ero.<br>Fue un proyecto de a dos que con las vueltas de la vida qued\u00f3 s\u00f3lo en mis manos.<br>Lo que hay aqu\u00ed son sitios desarrollados a prop\u00f3sito de ideas locas, aficiones varias y sobre todo,<br>tiempo disponible para construirlos.<br>Hay sitios que ya no se mueven, pero no he querido borrarlos, pues son parte de la historia.<\/p>\n\n\n\n<p class=\"has-text-align-center\">Licencia:<br>\n<a rel=\"license\" href=\"http:\/\/creativecommons.org\/licenses\/by\/4.0\/\"><img decoding=\"async\" alt=\"Licencia Creative Commons\" style=\"border-width:0\" src=\"https:\/\/i.creativecommons.org\/l\/by\/4.0\/80x15.png\"><\/a><br>Esta obra est\u00e1 bajo una <a rel=\"license\" href=\"http:\/\/creativecommons.org\/licenses\/by\/4.0\/\">Licencia Creative Commons Atribuci\u00f3n 4.0 Internacional<\/a>.<\/p>\n","protected":false},"excerpt":{"rendered":"<p>El Z\u00f3calo nace el 17 de abril del 2001, cuando mi conocida web &#8216;El Rinc\u00f3n de la Brujita&#8217; llevaba ya 2 a\u00f1os online, aqu\u00ed alojamos varios sitios con mi entonces compa\u00f1ero.Fue un proyecto de a dos que con las vueltas de la vida qued\u00f3 s\u00f3lo en mis manos.Lo que hay aqu\u00ed son sitios desarrollados a [&hellip;]<\/p>\n","protected":false},"author":1,"featured_media":0,"parent":0,"menu_order":0,"comment_status":"closed","ping_status":"closed","template":"","meta":{"footnotes":""},"class_list":["post-141","page","type-page","status-publish","hentry","content-columns-1"],"_links":{"self":[{"href":"https:\/\/www.zocalo.cl\/index.php?rest_route=\/wp\/v2\/pages\/141","targetHints":{"allow":["GET"]}}],"collection":[{"href":"https:\/\/www.zocalo.cl\/index.php?rest_route=\/wp\/v2\/pages"}],"about":[{"href":"https:\/\/www.zocalo.cl\/index.php?rest_route=\/wp\/v2\/types\/page"}],"author":[{"embeddable":true,"href":"https:\/\/www.zocalo.cl\/index.php?rest_route=\/wp\/v2\/users\/1"}],"replies":[{"embeddable":true,"href":"https:\/\/www.zocalo.cl\/index.php?rest_route=%2Fwp%2Fv2%2Fcomments&post=141"}],"version-history":[{"count":0,"href":"https:\/\/www.zocalo.cl\/index.php?rest_route=\/wp\/v2\/pages\/141\/revisions"}],"wp:attachment":[{"href":"https:\/\/www.zocalo.cl\/index.php?rest_route=%2Fwp%2Fv2%2Fmedia&parent=141"}],"curies":[{"name":"wp","href":"https:\/\/api.w.org\/{rel}","templated":true}]}}