{"id":713,"date":"2008-12-16T14:26:32","date_gmt":"2008-12-16T17:26:32","guid":{"rendered":"http:\/\/www.zocalo.cl\/gatos\/?page_id=713"},"modified":"2021-05-24T15:26:45","modified_gmt":"2021-05-24T18:26:45","slug":"manchita","status":"publish","type":"page","link":"https:\/\/www.zocalo.cl\/gatos\/?page_id=713","title":{"rendered":"Manchita"},"content":{"rendered":"<p><strong><img decoding=\"async\" loading=\"lazy\" class=\"alignright\" title=\"Manchita\" src=\"https:\/\/www.zocalo.cl\/gatos\/imagenes\/manchita.jpg\" alt=\"\" width=\"80\" height=\"80\">Fecha de nacimiento:<br \/>\n<\/strong>13 de enero del 2000.<\/p>\n<p><strong>Estado civil:<\/strong><br \/>\nSolter\u00edsima.<\/p>\n<p><strong>RUF:<br \/>\n<\/strong>7.525.634-k<\/p>\n<p><strong>Direcci\u00f3n:<\/strong><br \/>\nSiempre con humana y mi mam\u00e1 Mota.<\/p>\n<p><strong>Fono:<\/strong><br \/>\nNunca lo contest\u00e9, as\u00ed que \u00bfpara que lo quieren?<\/p>\n<p><strong>Email:<\/strong><br \/>\n\u00bfY ustedes creen que se los voy a dar?<\/p>\n<p><strong>Comida favorita:<\/strong><br \/>\nHojas de cilantro fresco, c\u00f3mida h\u00fameda para gatos, at\u00fan en agua, yogurt griego natural. \u00a1Hierba gatera fresca, ciboulette fresco y lechuga fresca! Y esos tarritos de comida F\u00e9lix, mis favoritos!<\/p>\n<p><strong>Arena Favorita:<\/strong><br \/>\nIgual que mi mam\u00e1, me gustaban las perfumadas, hay una de s\u00edlice fina, que es genial; y si est\u00e1 sucia, usaba el lavamanos o la tina, o simplemente me aguanto.<\/p>\n<p><strong>Actividad favorita:<\/strong><br \/>\nExigir mi comida especial, muajajaja<\/p>\n<p><strong>Placer Culpable:<br \/>\n<\/strong>Hacer pip\u00ed en los lavamanos, muajajajaja.<\/p>\n<p><em><strong>Me<\/strong><strong> un\u00ed al alma felina universal el 17 de abril del 2017, exactamente 6 a\u00f1os despu\u00e9s que mi padre Runrun.<\/strong><\/em><\/p>\n<p>&nbsp;<\/p>\n<p><strong><a href=\"https:\/\/www.zocalo.cl\/gatos\/?cat=5\">Estas fueron mis historias y aventuras: Manchita<\/a><\/strong><\/p>\n","protected":false},"excerpt":{"rendered":"<p>Fecha de nacimiento: 13 de enero del 2000. Estado civil: Solter\u00edsima. RUF: 7.525.634-k Direcci\u00f3n: Siempre con humana y mi mam\u00e1 Mota. Fono: Nunca lo contest\u00e9, as\u00ed que \u00bfpara que lo quieren? Email: \u00bfY ustedes creen que se los voy a dar? Comida favorita: Hojas de cilantro fresco, c\u00f3mida h\u00fameda para gatos, at\u00fan en agua, yogurt [&hellip;]<\/p>\n","protected":false},"author":2,"featured_media":0,"parent":0,"menu_order":3,"comment_status":"closed","ping_status":"closed","template":"","meta":{"footnotes":""},"_links":{"self":[{"href":"https:\/\/www.zocalo.cl\/gatos\/index.php?rest_route=\/wp\/v2\/pages\/713"}],"collection":[{"href":"https:\/\/www.zocalo.cl\/gatos\/index.php?rest_route=\/wp\/v2\/pages"}],"about":[{"href":"https:\/\/www.zocalo.cl\/gatos\/index.php?rest_route=\/wp\/v2\/types\/page"}],"author":[{"embeddable":true,"href":"https:\/\/www.zocalo.cl\/gatos\/index.php?rest_route=\/wp\/v2\/users\/2"}],"replies":[{"embeddable":true,"href":"https:\/\/www.zocalo.cl\/gatos\/index.php?rest_route=%2Fwp%2Fv2%2Fcomments&post=713"}],"version-history":[{"count":0,"href":"https:\/\/www.zocalo.cl\/gatos\/index.php?rest_route=\/wp\/v2\/pages\/713\/revisions"}],"wp:attachment":[{"href":"https:\/\/www.zocalo.cl\/gatos\/index.php?rest_route=%2Fwp%2Fv2%2Fmedia&parent=713"}],"curies":[{"name":"wp","href":"https:\/\/api.w.org\/{rel}","templated":true}]}}