{"id":699,"date":"2008-12-16T14:11:46","date_gmt":"2008-12-16T17:11:46","guid":{"rendered":"http:\/\/www.zocalo.cl\/gatos\/?page_id=699"},"modified":"2021-05-24T15:25:47","modified_gmt":"2021-05-24T18:25:47","slug":"suertudo","status":"publish","type":"page","link":"https:\/\/www.zocalo.cl\/gatos\/?page_id=699","title":{"rendered":"Suertudo"},"content":{"rendered":"<p><strong><img decoding=\"async\" loading=\"lazy\" class=\"alignright\" title=\"Suertudo\" src=\"https:\/\/www.zocalo.cl\/gatos\/imagenes\/suertudo.jpg\" alt=\"\" width=\"80\" height=\"80\">Fecha de nacimiento:<\/strong><br \/>\nAlg\u00fan d\u00eda de fines de octubre de 2002.<\/p>\n<p><strong>Estado civil:<br \/>\n<\/strong>Me cas\u00e9&nbsp;con Pilota, dos hijas que no conoc\u00ed.<\/p>\n<p><strong>RUF:<\/strong><br \/>\n8.789.642-3<\/p>\n<p><strong>Direcci\u00f3n:<\/strong><br \/>\nNo s\u00e9.<\/p>\n<p><strong>Fono:<br \/>\n<\/strong>\u00bfEs esa cosa que sonaba?.<\/p>\n<p><strong>Email:<\/strong><br \/>\nS\u00f3lo lo sab\u00eda mi madrina en Madrid.<\/p>\n<p><strong>Comida favorita:<br \/>\n<\/strong>Lo que fuera, incluso lo que se le ca\u00eda a humanos de la mesa.<\/p>\n<p><strong>Arena Favorita:<br \/>\n<\/strong>\u00bfArena?, de eso se preocupaban humanos.<\/p>\n<p><strong>Actividad favorita:<\/strong><br \/>\nEchar a la Mota de mi camita.<\/p>\n<p><strong>Placer Culpable:<br \/>\n<\/strong>Comer todo lo que ca\u00eda al suelo.<\/p>\n<p><em><strong>Me<\/strong><strong> un\u00ed al alma felina universal la noche del 23 de junio del 2005.<\/strong><\/em><\/p>\n<p>&nbsp;<\/p>\n<p><strong><a href=\"https:\/\/www.zocalo.cl\/gatos\/?cat=6\">Estas fueron mis historias y aventuras: Suertudo<\/a><\/strong><\/p>\n","protected":false},"excerpt":{"rendered":"<p>Fecha de nacimiento: Alg\u00fan d\u00eda de fines de octubre de 2002. Estado civil: Me cas\u00e9&nbsp;con Pilota, dos hijas que no conoc\u00ed. RUF: 8.789.642-3 Direcci\u00f3n: No s\u00e9. Fono: \u00bfEs esa cosa que sonaba?. Email: S\u00f3lo lo sab\u00eda mi madrina en Madrid. Comida favorita: Lo que fuera, incluso lo que se le ca\u00eda a humanos de la [&hellip;]<\/p>\n","protected":false},"author":2,"featured_media":0,"parent":0,"menu_order":4,"comment_status":"closed","ping_status":"closed","template":"","meta":{"footnotes":""},"_links":{"self":[{"href":"https:\/\/www.zocalo.cl\/gatos\/index.php?rest_route=\/wp\/v2\/pages\/699"}],"collection":[{"href":"https:\/\/www.zocalo.cl\/gatos\/index.php?rest_route=\/wp\/v2\/pages"}],"about":[{"href":"https:\/\/www.zocalo.cl\/gatos\/index.php?rest_route=\/wp\/v2\/types\/page"}],"author":[{"embeddable":true,"href":"https:\/\/www.zocalo.cl\/gatos\/index.php?rest_route=\/wp\/v2\/users\/2"}],"replies":[{"embeddable":true,"href":"https:\/\/www.zocalo.cl\/gatos\/index.php?rest_route=%2Fwp%2Fv2%2Fcomments&post=699"}],"version-history":[{"count":0,"href":"https:\/\/www.zocalo.cl\/gatos\/index.php?rest_route=\/wp\/v2\/pages\/699\/revisions"}],"wp:attachment":[{"href":"https:\/\/www.zocalo.cl\/gatos\/index.php?rest_route=%2Fwp%2Fv2%2Fmedia&parent=699"}],"curies":[{"name":"wp","href":"https:\/\/api.w.org\/{rel}","templated":true}]}}