{"id":683,"date":"2008-12-16T13:50:25","date_gmt":"2008-12-16T16:50:25","guid":{"rendered":"http:\/\/www.zocalo.cl\/gatos\/?page_id=683"},"modified":"2021-05-24T15:27:53","modified_gmt":"2021-05-24T18:27:53","slug":"curriculum-felinae-mota","status":"publish","type":"page","link":"https:\/\/www.zocalo.cl\/gatos\/?page_id=683","title":{"rendered":"Mota"},"content":{"rendered":"<p><img decoding=\"async\" class=\"alignright\" src=\"https:\/\/www.zocalo.cl\/gatos\/imagenes\/mota.jpg\" alt=\"Mota\"><strong>Fecha de nacimiento:<br \/>\n<\/strong>16 de abril de 1999, en una sombrer\u00eda de San Diego, barrio de rancio abolengo.<\/p>\n<p><strong>Estado civil:<br \/>\n<\/strong>Viuda de Runrun, 4 hermosos hijos, que nacieron a principios del 2000.<\/p>\n<p><strong>RUF:<br \/>\n<\/strong>6.295.886-f<\/p>\n<p><strong>Direcci\u00f3n:<\/strong><br \/>\nLa misma de mi humana.<\/p>\n<p><strong>Fono:<\/strong><br \/>\nNunca vi el n\u00famero, s\u00f3lo me com\u00eda el cable enrollado. Aunque ahora ya no hay de esos tel\u00e9fonos con cable rico, s\u00f3lo celulares.<\/p>\n<p><strong>Email:<\/strong><br \/>\nNi idea, de eso se encargaba humana.<\/p>\n<p><strong>Comida favorita:<\/strong><br \/>\nDe eso se preocupaba mi humana, y si no me gustaba lo que tra\u00eda, no com\u00eda. Com\u00ed hartas presas de pollo crudo, con huesos y todo, \u00f1ami!.<\/p>\n<p><strong>Arena Favorita:<\/strong><br \/>\nMe gustaban las arenas muy limpias y de preferencia las perfumadas, como la \u00faltima que us\u00e9; me gustaba tanto, que ya no protestaba fuera de la bandeja.<\/p>\n<p><strong>Actividad favorita:<\/strong><br \/>\nJugar con mi carrete de hilo&nbsp;colgante.<\/p>\n<p><strong>Placer Culpable:<\/strong><br \/>\nTen\u00eda un leoncito de peluche que me recordaba mis \u00e9poca de madre, por eso a veces lo llamaba en las noches y lo cargaba como a un beb\u00e9 felino&#8230; y&nbsp;mascar cables varios.<\/p>\n<p><em><strong>Me<\/strong><strong> un\u00ed al alma felina universal el 21 de junio del 2017, d\u00eda del solsticio de invierno. Extra\u00f1\u00e9 demasiado a mi hija.<\/strong><\/em><\/p>\n<p>&nbsp;<\/p>\n<p><strong><a href=\"https:\/\/www.zocalo.cl\/gatos\/?cat=4\">Estas fueron mis historias y aventuras: Mota<\/a><\/strong><\/p>\n","protected":false},"excerpt":{"rendered":"<p>Fecha de nacimiento: 16 de abril de 1999, en una sombrer\u00eda de San Diego, barrio de rancio abolengo. Estado civil: Viuda de Runrun, 4 hermosos hijos, que nacieron a principios del 2000. RUF: 6.295.886-f Direcci\u00f3n: La misma de mi humana. Fono: Nunca vi el n\u00famero, s\u00f3lo me com\u00eda el cable enrollado. Aunque ahora ya no [&hellip;]<\/p>\n","protected":false},"author":2,"featured_media":0,"parent":0,"menu_order":2,"comment_status":"closed","ping_status":"closed","template":"","meta":{"footnotes":""},"_links":{"self":[{"href":"https:\/\/www.zocalo.cl\/gatos\/index.php?rest_route=\/wp\/v2\/pages\/683"}],"collection":[{"href":"https:\/\/www.zocalo.cl\/gatos\/index.php?rest_route=\/wp\/v2\/pages"}],"about":[{"href":"https:\/\/www.zocalo.cl\/gatos\/index.php?rest_route=\/wp\/v2\/types\/page"}],"author":[{"embeddable":true,"href":"https:\/\/www.zocalo.cl\/gatos\/index.php?rest_route=\/wp\/v2\/users\/2"}],"replies":[{"embeddable":true,"href":"https:\/\/www.zocalo.cl\/gatos\/index.php?rest_route=%2Fwp%2Fv2%2Fcomments&post=683"}],"version-history":[{"count":0,"href":"https:\/\/www.zocalo.cl\/gatos\/index.php?rest_route=\/wp\/v2\/pages\/683\/revisions"}],"wp:attachment":[{"href":"https:\/\/www.zocalo.cl\/gatos\/index.php?rest_route=%2Fwp%2Fv2%2Fmedia&parent=683"}],"curies":[{"name":"wp","href":"https:\/\/api.w.org\/{rel}","templated":true}]}}