{"id":5414,"date":"2018-05-24T15:09:29","date_gmt":"2018-05-24T18:09:29","guid":{"rendered":"http:\/\/www.zocalo.cl\/gatos\/?page_id=5414"},"modified":"2021-05-24T13:24:27","modified_gmt":"2021-05-24T16:24:27","slug":"saphira","status":"publish","type":"page","link":"https:\/\/www.zocalo.cl\/gatos\/?page_id=5414","title":{"rendered":"Saphira Nay\u00e9n"},"content":{"rendered":"\n<div class=\"wp-block-image\"><figure class=\"alignright size-large\"><img decoding=\"async\" loading=\"lazy\" width=\"200\" height=\"200\" src=\"https:\/\/www.zocalo.cl\/gatos\/wp-content\/uploads\/2021\/04\/saphira.jpg\" alt=\"\" class=\"wp-image-7635\" srcset=\"https:\/\/www.zocalo.cl\/gatos\/wp-content\/uploads\/2021\/04\/saphira.jpg 200w, https:\/\/www.zocalo.cl\/gatos\/wp-content\/uploads\/2021\/04\/saphira-150x150.jpg 150w\" sizes=\"(max-width: 200px) 100vw, 200px\" \/><\/figure><\/div>\n\n\n<p>&nbsp;<\/p>\n<p><strong>Fecha de nacimiento:<\/strong><br>Alg\u00fan d\u00eda octubre de 2015, pas\u00e9 2 a\u00f1os viviendo mal, 4 meses en un refugio.<\/p>\n<p><strong>Estado civil:<\/strong><br>Qu\u00e9 es eso?<\/p>\n<p><strong>RUF:<\/strong><br>15.875.625-9<\/p>\n<p><strong>Direcci\u00f3n:<br><\/strong>Un lindo departamento con vista a la cordillera.<\/p>\n<p><strong>Fono:<br><\/strong>No s\u00e9 que es eso.<\/p>\n<p><strong>Email:<br><\/strong>Ah?<\/p>\n<p><strong>Comida favorita:<\/strong><br>C\u00f3midas h\u00famedas de las que me dan en esta casa nueva.<\/p>\n<p><strong>Arena Favorita:<br><\/strong>He usado todas las que me han puesto a disposici\u00f3n.<\/p>\n<p><strong>Actividad favorita:<br><\/strong>Aprender a relajarme.<\/p>\n<p><strong>Mi mayor placer:<\/strong><br>Ronronearle a humana y echarme en su tejido.<\/p>\n<p>&nbsp;<\/p>\n<p><strong><a href=\"https:\/\/www.zocalo.cl\/gatos\/?cat=285\">Estas son mis historias y aventuras: Saphira Nayen<\/a><\/strong><\/p>","protected":false},"excerpt":{"rendered":"<p>&nbsp; Fecha de nacimiento:Alg\u00fan d\u00eda octubre de 2015, pas\u00e9 2 a\u00f1os viviendo mal, 4 meses en un refugio. Estado civil:Qu\u00e9 es eso? RUF:15.875.625-9 Direcci\u00f3n:Un lindo departamento con vista a la cordillera. Fono:No s\u00e9 que es eso. Email:Ah? Comida favorita:C\u00f3midas h\u00famedas de las que me dan en esta casa nueva. Arena Favorita:He usado todas las que [&hellip;]<\/p>\n","protected":false},"author":2,"featured_media":0,"parent":0,"menu_order":0,"comment_status":"closed","ping_status":"closed","template":"","meta":{"footnotes":""},"_links":{"self":[{"href":"https:\/\/www.zocalo.cl\/gatos\/index.php?rest_route=\/wp\/v2\/pages\/5414"}],"collection":[{"href":"https:\/\/www.zocalo.cl\/gatos\/index.php?rest_route=\/wp\/v2\/pages"}],"about":[{"href":"https:\/\/www.zocalo.cl\/gatos\/index.php?rest_route=\/wp\/v2\/types\/page"}],"author":[{"embeddable":true,"href":"https:\/\/www.zocalo.cl\/gatos\/index.php?rest_route=\/wp\/v2\/users\/2"}],"replies":[{"embeddable":true,"href":"https:\/\/www.zocalo.cl\/gatos\/index.php?rest_route=%2Fwp%2Fv2%2Fcomments&post=5414"}],"version-history":[{"count":0,"href":"https:\/\/www.zocalo.cl\/gatos\/index.php?rest_route=\/wp\/v2\/pages\/5414\/revisions"}],"wp:attachment":[{"href":"https:\/\/www.zocalo.cl\/gatos\/index.php?rest_route=%2Fwp%2Fv2%2Fmedia&parent=5414"}],"curies":[{"name":"wp","href":"https:\/\/api.w.org\/{rel}","templated":true}]}}