{"id":4794,"date":"2025-02-27T18:35:39","date_gmt":"2025-02-27T21:35:39","guid":{"rendered":"https:\/\/www.zocalo.cl\/brujita\/?page_id=4794"},"modified":"2025-02-27T19:10:37","modified_gmt":"2025-02-27T22:10:37","slug":"piscis-el-encuentro-con-los-signos-lunares","status":"publish","type":"page","link":"https:\/\/www.zocalo.cl\/brujita\/piscis-el-encuentro-con-los-signos-lunares\/","title":{"rendered":"Piscis, el encuentro con los signos lunares"},"content":{"rendered":"\n<figure class=\"wp-block-image alignright\"><img decoding=\"async\" src=\"https:\/\/www.zocalo.cl\/brujita\/brujerias\/pisces2.gif\" alt=\"Piscis\"\/><\/figure>\n\n\n\n<p><strong><em>PISCIS RATA: AGUA + AGUA POSITIVA<\/em><\/strong><br>Una personalidad muy agradable, ya que Piscis es armonioso y supra normalmente perceptivo, y la Rata h\u00e1bil para cuidar de su familia y de sus intereses. Un nativo nacido bajo la combinaci\u00f3n de estos dos signos ser\u00e1 siempre capaz de demostrar su creatividad, aunque sea t\u00edmido y no le guste enfrentar al p\u00fablico. La profunda percepci\u00f3n de las emociones humanas que caracteriza al Pez puede hacer de \u00e9l un prol\u00edfico escritor. Las tendencias agresivas, adquisitivas y gregarias propias de la Rata est\u00e1n en buena medida suavizadas, lo que da una persona con menos aspiraciones y de inclinaci\u00f3n pacifica, que valora por encima de todo el hogar y la seguridad. Meditativa, ingeniosa, sensible pero productiva, merecer\u00e1 siempre las mejores notas por su conducta.<\/p>\n\n\n\n<p><strong><em>PISCIS BUEY O B\u00daFALO: AGUA Y AGUA NEGATIVA<\/em><\/strong><br>Modesto y decoroso, el Buey Piscis tendr\u00e1 una naturaleza m\u00edstica y retra\u00edda, caracterizada por fuertes inhibiciones. Sin embargo, pese a su reticencia, la gente se siente atra\u00edda hacia \u00e9l porque irradia cierta sensaci\u00f3n de seguridad y tiene el don del Buey para controlar su medio. Sus modales reservados y sus tranquilas peculiaridades sirven para destacar su fuerza y su confiabilidad, Solemne, sin perder los gustos gastron\u00f3micos de Piscis, se valdr\u00e1 de la estabilidad del Buey para alcanzar la estabilidad financiera. Tan aut\u00e9ntico como el oro de 24 quilates, y absolutamente sincero, el Buey Piscis se sentir\u00e1 f\u00e1cilmente herido, debido en parte a la sensibilidad del Pez y en parte porque el B\u00fafalo se niega a tolerar ninguna falta de respeto a su persona.<\/p>\n\n\n\n<p><strong><em>PISCIS TIGRE: AGUA + MADERA POSITIVA<\/em><\/strong><br>La serenidad de Piscis puede hacer maravillas por la personalidad dram\u00e1tica del Tigre, cort\u00e9s pero inmanejable, que aqu\u00ed exhibir\u00e1 una naturaleza interior m\u00e1s calma y cuya vivacidad se ver\u00e1 reducida a un nivel chispeante, aunque po\u00e9tico. El Tigre Piscis esconde las garras y se vale eficazmente de la psicolog\u00eda humana para alcanzar sus objetivos. En esta combinaci\u00f3n, el Pez es activo y auto afirmativo, en tanto que el Tigre se relaja y encuentra menos conflictos en la vida. Pero tampoco es seguro suponer que el gran felino se dejar\u00e1 someter con frecuencia. Es un Tigre que bien puede ronronear m\u00e1s de lo que ruge, pero sin embargo, ruge.<\/p>\n\n\n\n<p><strong><em>PISCIS CONEJO O GATO: AGUA + MADERA NEGATIVA<\/em><\/strong><br>Imaginativo e impresionable, este nativo da una imagen de cortes\u00eda, hermosos modales y palabras suaves. Alma po\u00e9tica y necesitada de los dem\u00e1s, es de temperamento art\u00edstico, inteligente y muy detallista, pero pese a su aspecto modesto y nada imponente, no le faltan previsi\u00f3n ni confianza. En realidad, la discreci\u00f3n de su perfil puede ocultar una mentalidad astuta y observadora, y una modalidad m\u00e1s ego\u00edsta y capaz de cuidar de su comodidad. Trabajar\u00e1 mucho para estabilizar su existencia y desviar sobre otros sus problemas. Evasivo dentro de su actitud agradable y placentera, el Conejo Piscis tiene cierta dosis de narcisismo.<\/p>\n\n\n\n<p><strong><em>PISCIS DRAG\u00d3N: AGUA + MADERA POSITIVA<\/em><\/strong><br>Este mortal de amable aspecto tendr\u00e1 una fuerza de voluntad indomable. La fogosidad del Drag\u00f3n confiere ambici\u00f3n y cierto sentido de la aventura al Pez, m\u00e1s bien timorato. Es un nativo capaz de actuar con energ\u00eda y, al mismo tiempo, con la mesura y consideraci\u00f3n necesarias. Piscis es ben\u00e9fico para el Drag\u00f3n, y aunque es una persona que puede ser contradictoria e indecisa Cuando no est\u00e1 bien, es raro que llegue a tirar todo por la borda, como puede hacerlo el Drag\u00f3n en combinaciones m\u00e1s fogosas.<\/p>\n\n\n\n<p><strong><em>PISCIS SERPIENTE: AGUA + FUEGO NEGATIVO<\/em><\/strong><br>Con su calma llena de gracia y sus modales f\u00e1ciles, la Serpiente Piscis disimula bien su prudencia y sus poderes supra normales. En ocasiones puede ser ineficaz y so\u00f1adora, pero siempre da buena imagen en p\u00fablico. La Serpiente es intensa, apasionada y l\u00facida, y el Pez profundo y silencioso. A una persona de esta naturaleza la hieren f\u00e1cilmente los gestos torpes, y tiende a nutrir el amor y la amistad con sus emociones insondables. El signo del Pez compensa la inflexible determinaci\u00f3n de la Serpiente con su compasi\u00f3n, y su l\u00edquida reserva se expresa en sue\u00f1os surrealistas y observaciones brillantes.<\/p>\n\n\n\n<p><strong><em>PISCIS CABALLO: AGUA + FUEGO POSITIVO<\/em><\/strong><br>Hecho de finura y galanter\u00eda, este nativo es m\u00e1s sutil y m\u00e1s sensible a los estados de \u00e1nimo ajenos. La paciencia del Pez actuar\u00e1 como un tranquilizante sobre la movilidad y las peculiaridades exageradas del Caballo. En tanto que mantiene un ritmo constante y no se precipita a entrar en acci\u00f3n, esta criatura eminentemente convencional no tendr\u00e1 el impulso a la urgencia del Caballo ni el fallo, t\u00edpico del Pez, de confiar demasiado en su coraz\u00f3n. Es una refinada mezcla de rapidez y sensibilidad, ni demasiado acelerado ni lento en demas\u00eda, ni demasiado eficiente ni demasiado sentimental.<\/p>\n\n\n\n<p><strong><em>PISCIS OVEJA O CABRA: AGUA + FUEGO NEGATIVO<\/em><\/strong><br>Tediosa y remilgada, y aun as\u00ed deliciosamente atrayente, considerada y acogedora, la Oveja Piscis, gracias precisamente a su bondad y generosidad, suele terminar qued\u00e1ndose con el trozo de pastel m\u00e1s grande. Tambi\u00e9n, cuando se va a los extremos, puede ser sensiblera y llorona. Amante de las tranquilas escenas pastorales, de las vidrieras de cristal coloreado, de la m\u00fasica de \u00f3rgano y de las catedrales, la Oveja Piscis encuentra que es mucho m\u00e1s seguro y placentero quedarse en la penumbra, donde puede meditar, porque la soledad hace aflorar lo mejor que hay en ella.<\/p>\n\n\n\n<p><strong><em>PISCIS MONO: AGUA Y METAL POSITIVO<\/em><\/strong><br>Fresco como una lechuga, delicado como la esencia de lavanda e intrincado como un laberinto, el Mono Piscis -calculador, pero de aire inocente- ser\u00e1 el perfecto intermediario (o intermediaria) que con facilidad inigualada saca partido de todos los compradores y vendedores del mundo. El Mono tiene su encanto natural, y a Piscis nadie le gana cuando se trata de ejercer su m\u00edstico hechizo. El Metal del Mono se integra con el sentimentalismo mercurial del Pez y da m\u00e1s forma y sustancia a sus talentos.<\/p>\n\n\n\n<p><strong><em>PISCIS GALLO; AGUA + METAL NEGATIVO<\/em><\/strong><br>Una personalidad amante de la paz, de car\u00e1cter exigente, pero cooperativo. La recia fibra moral del virginal Gallo no necesita de nada m\u00e1s pero, con su talento para las relaciones p\u00fablicas, Piscis consigue siempre dar una imagen mejor. Un Gallo menos taciturno y sin tendencias dogm\u00e1ticas, que puede abandonar su dieta habitual de rutina y trabajo met\u00f3dico y animarse a vivir un poco. Conservador y tranquilo, al Gallo Piscis no se le hace dif\u00edcil obedecer normas, pero cuidar\u00e1 que en su ritmo de vida se entretejan en forma equilibrada el descanso y el trabajo.<\/p>\n\n\n\n<p><strong><em>PISCIS PERRO: AGUA + METAL POSITIVO<\/em><\/strong><br>Valiente, pero deferente, el Perro Piscis no es un can combativo. El signo del Pez hace que no est\u00e9 tan alerta y a la defensiva. Prefiere la seguridad, la serenidad y el confort, aunque no deje de estar atento a las necesidades ajenas. Encantador y sorprendentemente atractivo en su estilo reservado, este Perro es muy feliz con la profunda comprensi\u00f3n ps\u00edquica del Pez, y tiende menos a interesarse por conflictos externos.<\/p>\n\n\n\n<p><strong><em>PISCIS JABAL\u00cd: AGUA + AGUA NEGATIVA<\/em><\/strong><br>El Pez tiene un esencial instinto de supervivencia y una calma confianza en su capacidad para la comprensi\u00f3n de la mentalidad humana. El Jabal\u00ed tiene vastas reservas de energ\u00eda y una actitud mental positiva que hace que todo sea posible. Una combinaci\u00f3n de estos dos signos puede producir resultados eficaces y armoniosos, si los dos representan bien su papel. Tanto el Jabal\u00ed como el Pez dan la impresi\u00f3n de que siempre encuentran apoyo cuando lo necesitan, y la persona en quien se unen saldr\u00e1 siempre de dificultades con un \u00e9xito incre\u00edble. Totalmente consagrado a sus seres queridos, el Jabal\u00ed Piscis los cubre de afecto y tendr\u00e1 muchos amigos, no s\u00f3lo dignos, sino tambi\u00e9n indignos y que se aprovechan de su bondad. Pero los enfrentamientos no son para \u00e9l, que atesora sus relaciones personales y, en caso de que las cosas se compliquen, prefiere siempre un arreglo a un pleito.<\/p>\n\n\n\n<p>.<\/p>\n\n\n\n<p class=\"has-text-align-center\"><strong>El encuentro de los signos solares con los signos lunares, las 144 combinaciones:<\/strong><\/p>\n\n\n\n<p class=\"has-text-align-center\"><a href=\"https:\/\/www.zocalo.cl\/brujita\/aries\/\">Aries<\/a> &#8211; <a href=\"https:\/\/www.zocalo.cl\/brujita\/tauro\/\">Tauro<\/a> &#8211; <a href=\"https:\/\/www.zocalo.cl\/brujita\/geminis\/\">G\u00e9minis<\/a> &#8211; <a href=\"https:\/\/www.zocalo.cl\/brujita\/brujerias-varias\/astrologia\/signos-del-zodiaco\/cancer\/\">C\u00e1ncer<\/a> &#8211; <a href=\"https:\/\/www.zocalo.cl\/brujita\/brujerias-varias\/astrologia\/signos-del-zodiaco\/leo\/\">Leo<\/a> &#8211; <a href=\"https:\/\/www.zocalo.cl\/brujita\/virgo\/\">Virgo<\/a><\/p>\n\n\n\n<p class=\"has-text-align-center\"><a href=\"https:\/\/www.zocalo.cl\/brujita\/libra\/\">Libra<\/a> &#8211; <a href=\"https:\/\/www.zocalo.cl\/brujita\/escorpion\/\">Escorpi\u00f3n<\/a> &#8211; <a href=\"https:\/\/www.zocalo.cl\/brujita\/sagitario\/\">Sagitario<\/a> &#8211; <a href=\"https:\/\/www.zocalo.cl\/brujita\/capricornio\/\">Capricornio<\/a> &#8211; <a href=\"https:\/\/www.zocalo.cl\/brujita\/acuario\/\">Acuario<\/a> &#8211; <a href=\"https:\/\/www.zocalo.cl\/brujita\/piscis\/\">Piscis<\/a><\/p>\n\n\n\n<p>.<\/p>\n\n\n\n<p><em>NOTA: Todas las descripciones de lo signos han sido tomadas del libro \u00abHor\u00f3scopos Chinos\u00bb de Theodora Lau.<\/em><\/p>\n","protected":false},"excerpt":{"rendered":"<p>PISCIS RATA: AGUA + AGUA POSITIVAUna personalidad muy agradable, ya que Piscis es armonioso y supra normalmente perceptivo, y la Rata h\u00e1bil para cuidar de su familia y de sus intereses. Un nativo nacido bajo la combinaci\u00f3n de estos dos<\/p>\n","protected":false},"author":1,"featured_media":0,"parent":0,"menu_order":0,"comment_status":"closed","ping_status":"closed","template":"","meta":{"ngg_post_thumbnail":0,"_joinchat":[],"footnotes":""},"class_list":["post-4794","page","type-page","status-publish","hentry"],"_links":{"self":[{"href":"https:\/\/www.zocalo.cl\/brujita\/wp-json\/wp\/v2\/pages\/4794","targetHints":{"allow":["GET"]}}],"collection":[{"href":"https:\/\/www.zocalo.cl\/brujita\/wp-json\/wp\/v2\/pages"}],"about":[{"href":"https:\/\/www.zocalo.cl\/brujita\/wp-json\/wp\/v2\/types\/page"}],"author":[{"embeddable":true,"href":"https:\/\/www.zocalo.cl\/brujita\/wp-json\/wp\/v2\/users\/1"}],"replies":[{"embeddable":true,"href":"https:\/\/www.zocalo.cl\/brujita\/wp-json\/wp\/v2\/comments?post=4794"}],"version-history":[{"count":0,"href":"https:\/\/www.zocalo.cl\/brujita\/wp-json\/wp\/v2\/pages\/4794\/revisions"}],"wp:attachment":[{"href":"https:\/\/www.zocalo.cl\/brujita\/wp-json\/wp\/v2\/media?parent=4794"}],"curies":[{"name":"wp","href":"https:\/\/api.w.org\/{rel}","templated":true}]}}