{"id":4671,"date":"2025-02-11T18:20:21","date_gmt":"2025-02-11T21:20:21","guid":{"rendered":"https:\/\/www.zocalo.cl\/brujita\/?page_id=4671"},"modified":"2025-02-11T18:27:20","modified_gmt":"2025-02-11T21:27:20","slug":"marido-jabali","status":"publish","type":"page","link":"https:\/\/www.zocalo.cl\/brujita\/marido-jabali\/","title":{"rendered":"Marido Jabal\u00ed"},"content":{"rendered":"\n<p><strong><em>MARIDO JABAL\u00cd &#8211; MUJER RATA<\/em><\/strong><br>Entre estos dos hay buena medida de atracci\u00f3n, y se esforzar\u00e1s por mantener una pac\u00edfica relaci\u00f3n de compa\u00f1erismo. Los dos son abiertos, sociables y en\u00e9rgicos; su vida estar\u00e1 probablemente centrada en el hogar, en sus amigos y en los intereses que compartan, relacionados en gran parte con la amistad. Esta pareja se sentir\u00e1 llamada a empresas activas y tendr\u00e1n ideas claras sobre sus compromisos. Es posible que ella sea la m\u00e1s sensible y prudente de los dos, en tanto que el Jabal\u00ed, aun siendo positivo, puede ser a veces demasiado conciliatorio para su propio bien. Es posible que necesite del consejo de su compa\u00f1era.<\/p>\n\n\n\n<p><strong><em>MARIDO JABAL\u00cd &#8211; MUJER BUEY<br><\/em><\/strong>Aun siendo aceptable, no es probable que esta uni\u00f3n sea fuerte. Las perspectivas y pautas de comportamiento diferentes generar\u00e1n fricciones subyacentes. Por lo com\u00fan, el Jabal\u00ed es c\u00e1lido, generoso y comprensivo, pero es posible que la mujer Buey no perciba m\u00e1s que su sensualidad y sus gustos extravagantes y que lo encuentre demasiado poco moderado para sus necesidades. Adem\u00e1s, la predilecci\u00f3n de ella por el trabajo, su constante preocupaci\u00f3n por la seguridad y su autodisciplina pueden irritar al Jabal\u00ed. \u00c9l es jovial, gregario y abierto, y trabaja solamente para asegurarse el ocio. Ella es seria, sistem\u00e1tica y r\u00edgida, y encuentra contentamiento en el esfuerzo.<\/p>\n\n\n\n<p><strong><em>MARIDO JABAL\u00cd &#8211; MUJER TIGRE<\/em><\/strong><br>Una uni\u00f3n c\u00e1lida y gratificante, ya que cada uno tiene un fuerte deseo de complacer al otro. Los dos son afectuosos, din\u00e1micos y progresistas en su actitud b\u00e1sica, y se complementan rec\u00edprocamente, \u00c9l es lo bastante bondadoso y comprensivo como para aceptar los estados de \u00e1nimo impredecibles de la Tigresa, que por su parte encuentra en \u00e9l un compa\u00f1ero devoto, valiente y generoso. Cuando no encuentra oposici\u00f3n, la Tigresa se arrepiente generalmente de sus estallidos, y el buen humor del Jabal\u00ed, unido a su modalidad comprensiva, har\u00e1 aflorar lo mejor de ella, haciendo que se adapte mejor a los deseos de su pareja.<\/p>\n\n\n\n<p><strong><em>MARIDO JABAL\u00cd &#8211; MUJER CONEJO<\/em><\/strong><br>El Jabal\u00ed es tan valiente y dedicado como puede necesitarlo la calma y educada Conejita. Ella, sagaz y animada, tiene la sutileza necesaria para instilarle, sin que \u00e9l lo advierta, algo de su astucia, El Jabal\u00ed la encuentra bondadosa y cauta, y la cubrir\u00e1 no s\u00f3lo de afecto, sino de los lujos que a ella le gustan. Es lo bastante generoso como para no esperar de la Coneja m\u00e1s de lo que \u00e9sta puede dar, y ella se sentir\u00e1 feliz de ser el objeto de las atenciones y la generosidad de \u00e9l. Es una uni\u00f3n en la que ambos pueden sentirse enriquecidos.<\/p>\n\n\n\n<p><strong><em>MARIDO JABAL\u00cd -MUJER DRAG\u00d3N<\/em><\/strong><br>Una relaci\u00f3n bastante afortunada, en la que las ganancias superar\u00e1n probablemente a las p\u00e9rdidas. Los dos son ardientes y en\u00e9rgicos, aunque de maneras diferentes. La poderosa mujer Drag\u00f3n puede inducir a la acci\u00f3n a cualquier hombre&#8230; o romperlo en el intento. El Jabal\u00ed no se resiste a acceder a los deseos de su amada, y ser\u00e1 incansable en el esfuerzo por triunfar y ganar la aprobaci\u00f3n de ella. Son totalmente equiparables en su energ\u00eda y amor por la actividad f\u00edsica. El defecto que comparten es que son ambos demasiado sensibles a los est\u00edmulos y f\u00e1cilmente puedes dejarse llevar por el entusiasmo y los excesos, sin que haya quien aplique los frenos.<\/p>\n\n\n\n<p><strong><em>MARIDO JABAL\u00cd &#8211; MUJER SERPIENTE<\/em><\/strong><br>La est\u00e9tica Serpiente no puede soportar la modalidad del Jabal\u00ed, sincera a la vez que mundana y simple, y \u00e9l la encuentra demasiado compleja y misteriosa. La Serpiente es demasiado evolucionada, ambiciosa y profunda para el Jabal\u00ed, en exceso tolerante y confiado. No aprobar\u00e1 su actitud abierta y bonachona y se mostrar\u00e1 distante y despectiva con \u00e9l. En cuanto a \u00e9l, la modalidad poco comunicativa y fr\u00edamente calculadora de la Serpiente le resultar\u00e1 sumamente desconcertante. Los dos sufrir\u00e1n la frustraci\u00f3n de expectativas no realizadas y de no ver apreciados sus rasgos positivos.<\/p>\n\n\n\n<p><strong><em>MARIDO JABAL\u00cd &#8211; MUJER CABALLO<\/em><\/strong><br>Estos dos buscadores de placer tienen personalidades muy sociables y pueden, hasta cierto punto, beneficiarse rec\u00edprocamente. Ella es imaginativa e ingeniosa, y \u00e9l confiable y bien dispuesto. El Jabal\u00ed admira la disposici\u00f3n animada y alegre del Caballo, y su mujer encuentra muy agradables la devoci\u00f3n de \u00e9l y su sincera fortaleza. Los dos entienden el valor de las concesiones y construir\u00e1n un matrimonio activo e interesante, sin invadirse mutua mente y optando por vivir lo m\u00e1s plenamente posible su vida. En el aspecto negativo, ninguno de los dos se preocupar\u00e1 demasiado por el ma\u00f1ana.<\/p>\n\n\n\n<p><strong><em>MARIDO JABAL\u00cd &#8211; MUJER OVEJA<br><\/em><\/strong>Esta pareja lograr\u00e1 una uni\u00f3n \u00edntima y c\u00e1lida. Los dos pondr\u00e1n lo mejor de s\u00ed en ella y los acercar\u00e1 un profundo amor y aut\u00e9ntico inter\u00e9s rec\u00edprocos. El Jabal\u00ed es recio, galante y lo bastante considerado como para complacer a la gentil y comprensiva Oveja, que por su parte le har\u00e1 de madre y lo convertir\u00e1 en objeto de su adoraci\u00f3n. \u00c9l es sensual y simple, e interpretar\u00e1 la posesividad de ella como amor y devoci\u00f3n aut\u00e9nticos. El Jabal\u00ed es generoso y protector, y la Oveja da lo mejor que tiene cuando se sabe amada y apreciada, como suceder\u00e1 en esta uni\u00f3n.<\/p>\n\n\n\n<p><strong><em>MARIDO JABAL\u00cd &#8211; MUJER MONO<\/em><\/strong><br>Una uni\u00f3n bastante civilizada, pero en la que es posible que no est\u00e9n realmente fascinados por la verdadera personalidad del otro. El Jabal\u00ed es demasiado directo y escrupuloso para la complicada Mona, que es de gustos m\u00e1s picantes y para quien esta pareja ser\u00e1 decididamente demasiado sosa. Por otra parte, aunque ella sea tortuosamente encantadora, su complejidad y tendencia b\u00e1sica a la ficci\u00f3n pueden ser demasiado para el Jabal\u00ed. Inevitablemente, cada uno se sentir\u00e1 irritado por las incapacidades del otro, pese a lo cual podr\u00edan conseguir que la relaci\u00f3n marche, si pueden llegar a conocerse y se concentran en sus cualidades positivas.<\/p>\n\n\n\n<p><strong><em>MARIDO JABAL\u00cd -MUJER GALLO<\/em><\/strong><br>Podr\u00eda resultar una uni\u00f3n factible si los dos hacen las concesiones necesarias. Habr\u00e1 motivos de desacuerdo, pero los dos tienen la capacidad de resolver sus diferencias, si la admiraci\u00f3n rec\u00edproca es suficiente. El Jabal\u00ed puede ser demasiado c\u00e1lido y apasionado para la inclinaci\u00f3n anal\u00edtica y mental de la Gallina, y ella es demasiado discutidora y est\u00e1 demasiado informada para seguirlo o amarlo ciegamente. Sin embargo, en el aspecto positivo, como ninguno es demasiado sensible las cr\u00edticas, les resbalar\u00e1n como el agua a un pato. \u00c9l es sincero y transigente, y verdaderamente necesita de la mentalidad diligente y cr\u00edtica de su compa\u00f1era, en tanto que ella, capaz y segura de s\u00ed, se beneficiar\u00e1 de la diplomacia y confiabilidad del afable Jabal\u00ed.<\/p>\n\n\n\n<p><strong><em>MARIDO JABAL\u00cd &#8211; MUJER PERRO<\/em><\/strong><br>Pese a las diferentes actitudes de ambos ante la vida, la relaci\u00f3n ser\u00e1 buena y placentera. Los dos son robustos, abiertos y sinceros, y les gusta dar lo mejor de s\u00ed siempre que pueden. Sin embargo, la Perrita podr\u00eda ser agresiva y no se refrenar\u00e1 en sus cr\u00edticas si el Jabal\u00ed es demasiado negligente en el cumplimiento de sus obligaciones. Como no es tan apasionada como \u00e9l, es posible que Je cueste entender la intensidad de sus apetitos y de su sensualidad. Aun as\u00ed, pueden encontrar terrenos comunes para la cooperaci\u00f3n, porque ella tiene m\u00e1s penetraci\u00f3n que el Jabal\u00ed y ser\u00e1 leal con \u00e9l. Igualmente, \u00e9l es lo bastante generoso y tolerante como para perdonar las peculiaridades de su pareja y verla como la aliada noble y digna de confianza que realmente es.<\/p>\n\n\n\n<p><strong><em>MARIDO JABAL\u00cd -MUJER JABAL\u00cd<\/em><\/strong><br>Una combinaci\u00f3n que puede funcionar bien s\u00ed son capaces de aceptar lo bueno y lo malo. Nacidos los dos bajo el mismo signo, ser\u00e1n ambos fuertes, valientes y modestos, pero es posible que les falte direcci\u00f3n y tenacidad y que no puedan reforzarse uno al otro en sus puntos d\u00e9biles. Sin una organizaci\u00f3n resuelta y sistem\u00e1tica, la sinceridad y la buena voluntad pueden terminar hundiendo a dos personas totalmente bien intencionadas. Alguno de ellos tendr\u00e1 que tener el dominio emocional y la disciplina necesaria para hacer frente a la realidad y a la adversidad, porque de otra manera su mutuo amor y su lealtad rec\u00edproca no les servir\u00e1n de mucha protecci\u00f3n.<\/p>\n\n\n\n<figure class=\"wp-block-image alignright\"><img decoding=\"async\" src=\"https:\/\/www.zocalo.cl\/brujita\/imagenes\/loto.gif\" alt=\"chakra\"\/><\/figure>\n\n\n\n<p>.<\/p>\n\n\n\n<p><em>NOTA: Todas las descripciones de lo signos han sido tomadas del libro \u00abHor\u00f3scopos Chinos\u00bb de Theodora Lau.<\/em><\/p>\n\n\n\n<p>.<\/p>\n\n\n\n<h5 class=\"wp-block-heading\"><strong>Las 144 combinaciones matrimoniales<\/strong><\/h5>\n\n\n\n<p class=\"has-text-align-center\"><a href=\"https:\/\/www.zocalo.cl\/brujita\/marido-rata\/\">Marido Rata<\/a> &#8211; <a href=\"https:\/\/www.zocalo.cl\/brujita\/marido-buey\/\">Marido B\u00fafalo o Buey<\/a> &#8211; <a href=\"https:\/\/www.zocalo.cl\/brujita\/marido-tigre\/\">Marido Tigre<\/a> &#8211; <a href=\"https:\/\/www.zocalo.cl\/brujita\/marido-conejo-o-gato\/\">Marido Gato o Conejo<\/a> &#8211; <a href=\"https:\/\/www.zocalo.cl\/brujita\/marido-dragon\/\">Marido Drag\u00f3n<\/a> &#8211; <a href=\"https:\/\/www.zocalo.cl\/brujita\/marido-serpiente\/\">Marido Serpiente<\/a> &#8211; <a href=\"https:\/\/www.zocalo.cl\/brujita\/marido-caballo\/\">Marido Caballo<\/a> &#8211; <a href=\"https:\/\/www.zocalo.cl\/brujita\/marido-oveja-o-cabra\/\">Marido Oveja o Cabra<\/a> &#8211; <a href=\"https:\/\/www.zocalo.cl\/brujita\/marido-mono\/\">Marido Mono<\/a> &#8211; <a href=\"https:\/\/www.zocalo.cl\/brujita\/marido-gallo\/\">Marido Gallo<\/a> &#8211; <a href=\"https:\/\/www.zocalo.cl\/brujita\/marido-perro\/\">Marido Perro<\/a> &#8211; <a href=\"https:\/\/www.zocalo.cl\/brujita\/marido-jabali\/\">Marido Jabal\u00ed<\/a><\/p>\n\n\n\n<p><\/p>\n","protected":false},"excerpt":{"rendered":"<p>MARIDO JABAL\u00cd &#8211; MUJER RATAEntre estos dos hay buena medida de atracci\u00f3n, y se esforzar\u00e1s por mantener una pac\u00edfica relaci\u00f3n de compa\u00f1erismo. Los dos son abiertos, sociables y en\u00e9rgicos; su vida estar\u00e1 probablemente centrada en el hogar, en sus amigos<\/p>\n","protected":false},"author":1,"featured_media":0,"parent":0,"menu_order":0,"comment_status":"closed","ping_status":"closed","template":"","meta":{"ngg_post_thumbnail":0,"_joinchat":[],"footnotes":""},"class_list":["post-4671","page","type-page","status-publish","hentry"],"_links":{"self":[{"href":"https:\/\/www.zocalo.cl\/brujita\/wp-json\/wp\/v2\/pages\/4671","targetHints":{"allow":["GET"]}}],"collection":[{"href":"https:\/\/www.zocalo.cl\/brujita\/wp-json\/wp\/v2\/pages"}],"about":[{"href":"https:\/\/www.zocalo.cl\/brujita\/wp-json\/wp\/v2\/types\/page"}],"author":[{"embeddable":true,"href":"https:\/\/www.zocalo.cl\/brujita\/wp-json\/wp\/v2\/users\/1"}],"replies":[{"embeddable":true,"href":"https:\/\/www.zocalo.cl\/brujita\/wp-json\/wp\/v2\/comments?post=4671"}],"version-history":[{"count":0,"href":"https:\/\/www.zocalo.cl\/brujita\/wp-json\/wp\/v2\/pages\/4671\/revisions"}],"wp:attachment":[{"href":"https:\/\/www.zocalo.cl\/brujita\/wp-json\/wp\/v2\/media?parent=4671"}],"curies":[{"name":"wp","href":"https:\/\/api.w.org\/{rel}","templated":true}]}}