{"id":4661,"date":"2025-02-11T18:04:48","date_gmt":"2025-02-11T21:04:48","guid":{"rendered":"https:\/\/www.zocalo.cl\/brujita\/?page_id=4661"},"modified":"2025-02-11T18:29:06","modified_gmt":"2025-02-11T21:29:06","slug":"marido-oveja-o-cabra","status":"publish","type":"page","link":"https:\/\/www.zocalo.cl\/brujita\/marido-oveja-o-cabra\/","title":{"rendered":"Marido Oveja o Cabra"},"content":{"rendered":"\n<p><strong><em>MARIDO OVEJA &#8211; MUJER RATA<\/em><\/strong><br>Los dos son encantadores y capaces de gran afecto y ternura, pero ah\u00ed se acaban las similitudes. La Rata es ma\u00f1osa, inquisitiva e incansable en el trabajo, y es posible que un marido Oveja se tome la vida con demasiada calma para el gusto de ella. La esposa es ahorrativa, y en cambio \u00e9l despilfarra y se da los gustos. La Rata es alerta, pr\u00e1ctica y juiciosa; \u00e9l creativo, pero emotivo y, en ocasiones, indolente. Cuando se irrita, ella puede ser quisquillosa y criticona; la Oveja la encuentra demasiado astuta e inclinada a hacer la vista gorda como para entenderse con ella. Es posible que en esta uni\u00f3n no haya mucho intercambio rec\u00edproco, porque los miembros de la pareja tienen dificultades para entenderse.<\/p>\n\n\n\n<p><strong><em>MARIDO OVEJA &#8211; MUJER BUEY<\/em><\/strong><br>La Oveja es art\u00edstica y ociosa; necesita disfrutar de la vida y saborearla a su aire. La mujer Buey es lo bastante responsable como para cuidar de la casa y ocuparse de su familia, pero no le har\u00e1 gracia acceder a las exigencias caprichosas y nada pr\u00e1cticas del marido. \u00c9l necesita que le demuestren amor y aprecio para sacar fuera lo mejor que lleva en s\u00ed; ella espera orden y disciplina, o puede ser demasiado autoritaria para la Oveja. Resuelta e inflexible, la mujer Buey se siente obligada a hacer el mejor uso posible de su tiempo y su energ\u00eda, en tanto que \u00e9l, con su temperamento art\u00edstico, necesita esperar el estado de \u00e1nimo adecuado. El Buey se impacienta con la blandura de la Oveja, que a su vez no quiere sentirse regimentada ni presionada. Para que estos dos puedan cohabitar pac\u00edficamente ser\u00e1n necesarios cambios dr\u00e1sticos.<\/p>\n\n\n\n<p><strong><em>MARIDO OVEJA &#8211; MUJER TIGRE<\/em><\/strong><br>La Oveja es alma dom\u00e9stica y necesitada de afecto y comprensi\u00f3n. La Tigresa es temperamental y no convencional. \u00c9l se sentir\u00e1 f\u00e1cilmente herido por los s\u00fabitos estallidos de furia y las escenas dram\u00e1ticas de su c\u00f3nyuge. El marido Oveja es cort\u00e9s y necesita un hogar tranquilo y c\u00f3modo, mientras ella precisa una vida r\u00e1pida y no puede soportar la modalidad calma y cavilosa de la Oveja. Para el gusto de \u00e9l, la Tigresa es demasiado fuerte, y \u00e9l es demasiado d\u00e9bil para hacerle frente. La combinaci\u00f3n puede resultar desagradable para ambos.<\/p>\n\n\n\n<p><strong><em>MARIDO OVEJA &#8211; MUJER CONEJO<\/em><\/strong><br>Son dos personalidades en alto grado compatibles. Si la Coneja, astuta y de inescrutable suavidad, toma el mando, puede ayudar a la Oveja a hacer grandes cosas con los talentos que le son propios. La Conejita tiene la dulzura que necesita este hombre sentimental y, a veces, pasivo, pero es decidida y astuta all\u00ed donde \u00e9l tiende a ser demasiado generoso o compasivo. Le ofrecer\u00e1 un medio adecuado para que \u00e9l pueda trabajar, y \u00e9l le estar\u00e1 agradecido por su sutil manera de llevarlo por la buena senda. Los dos son sensibles, y cada uno percibe y tiene en cuenta el estado de \u00e1nimo del otro. En este matrimonio pueden lograr mucho m\u00e1s que amor y felicidad.<\/p>\n\n\n\n<p><strong><em>MARIDO OVEJA &#8211; MUJER DRAG\u00d3N<\/em><\/strong><br>Una uni\u00f3n que puede funcionar pasablemente. La Oveja puede sentirse fascinada por el brillo y las actitudes dominantes del Drag\u00f3n. Ella, por su parte, puede sentirse atra\u00edda por la bondad, devoci\u00f3n y sinceridad de su pareja. Por el lado malo, la Oveja puede ser demasiado t\u00edmida para unirse a las empresas s\u00faper ambiciosas del Drag\u00f3n, que a su vez se encontrar\u00e1 con un mando demasiado reservado y poco audaz, incapaz de ponerse a la altura de ella. El marido puede confiar en que su compa\u00f1era lo anime y estimule, pero tambi\u00e9n es posible que lo presione m\u00e1s de lo que \u00e9l puede soportar. Los dos pasar\u00e1n momentos de pruebe en esta uni\u00f3n.<\/p>\n\n\n\n<p><strong><em>MARIDO OVEJA &#8211; MUJER SERPIENTE<\/em><\/strong><br>Las cosas no ser\u00e1n completamente id\u00edlicas en este matrimonio, pero podr\u00eda funcionar si ambos se esfuerzan sinceramente. Los dos son materialistas y receptivos a la belleza y el refinamiento, Y estos aspectos pueden fortalecer la uni\u00f3n. Sin embargo, la Oveja no tiene la perseverancia de la caviladora Serpiente que, por su parte, puede ser demasiado reservada y desconfiada para la naturaleza sensible de su c\u00f3nyuge. Ella es calculadora y se deja guiar por su prudencia all\u00ed donde \u00e9l es emotivo y est\u00e1 movido por sus tendencias art\u00edsticas. Hay aspectos en los que pueden desaprobarse rec\u00edprocamente, en tanto que en otros armonizar\u00e1n. La determinaci\u00f3n inflexible de la Serpiente puede ser un valioso apoyo para la Oveja.<\/p>\n\n\n\n<p><strong><em>MARIDO OVEJA &#8211; MUJER CABALLO<\/em><\/strong><br>\u00c9l es lo bastante dom\u00e9stico y hogare\u00f1o como para ofrecer una base segura a la inquieta mujer de este signo. Por su parte ella, feliz y afable, compensa los estados de \u00e1nimo depresivos de la Oveja. Es posible que \u00e9l sea un marido posesivo y celoso para su independiente e impulsiva esposa. Pero el Caballo no tiene la sensibilidad suficiente para tomarse muy en serio los arranques de auto conmiseraci\u00f3n de la Oveja. Ella es capaz y r\u00e1pida en la captaci\u00f3n de se\u00f1ales sutiles, y \u00e9l puede dome\u00f1ar su libertad si le ofrece la variedad de opciones atractivas que su mujer pueda necesitar para quedarse a su lado y sazonar su vida. Un matrimonio fuerte, y posiblemente duradero.<\/p>\n\n\n\n<p><strong><em>MARIDO OVEJA &#8211; MUJER OVEJA<\/em><\/strong><br>La Oveja se preocupa profundamente por el bienestar de su familia, pero en esta combinaci\u00f3n la esposa puede ser la m\u00e1s fuerte de los dos. A los dos les gusta demasiado el lujo y la seguridad, pero la uni\u00f3n puede salir adelante si combinan sus fuerzas. \u00c9l asumir\u00e1 la responsabilidad cuando no haya nadie m\u00e1s que lo haga, y a ella le encanta ser el poder entre bastidores. Los dos son amantes del hogar y lo bastante comprensivos como para tolerar los puntos d\u00e9biles del otro. Tendr\u00e1n que cuidarse para no ter sobreprotectores con los hijos ni mimarlos en exceso.<\/p>\n\n\n\n<p><strong><em>MARIDO OVEJA &#8211; MUJER MONO<\/em><\/strong><br>Entre ellos no hay atracci\u00f3n profunda ni permanente, ya que la Mona es demasiado complicada y ego\u00edsta para la Oveja. \u00c9l es m\u00e1s matizado en los gustos y en la acci\u00f3n, y la pericia y astucia de la Mona pueden inquietarlo y preocuparlo. Por m\u00e1s bien dispuesto y considerado que sea, no puede responder a las exigencias de ella, que -astuta y atractiva- lo llevar\u00e1 de la nariz una vez que descubra sus puntos d\u00e9biles. \u00c9l es creativo, espiritualmente puro y compasivo, pero sus cualidades no ser\u00e1n apreciadas porque la Mona prefiere alguien m\u00e1s acomodaticio y astuto.<\/p>\n\n\n\n<p><strong><em>MARIDO OVEJA &#8211; MUJER GALLO<\/em><\/strong><br>\u00c9l es lo bastante bondadoso y considerado como para esforzarse sinceramente por lo que emprende. A la Gallinita le gusta investigar, analizar y administrar vidas ajenas. La Oveja es pesimista y subjetiva, el Gallo optimista y objetivo. La actitud en\u00e9rgica temeraria de su mujer puede asustar a la modesta y en Oveja, que la encuentra demasiado meticulosa, discutidora y brusca para su gusto. Ella, por su parte, dir\u00e1 que es dif\u00edcil entenderse con alguien tan sentimental y pendiente de s\u00ed mismo como su marido. El enfoque b\u00e1sico de cada uno difiere demasiado del del otro, lo cual puede impedirles que se toleren rec\u00edprocamente sus peculiaridades.<\/p>\n\n\n\n<p><strong><em>MARIDO OVEJA &#8211; MUJER PERRO<\/em><\/strong><br>Es probable que esta relaci\u00f3n no funcione, porque el Perro es demasiado realista, y una mujer de este signo criticar\u00e1, natural mente, la complacencia de la Oveja y, al enumerarle sus debilidades, har\u00e1 que se vuelva m\u00e1s pesimista que nunca. La Perrita es lo bastante razonable y afectuosa, pero no siempre est\u00e1 dispuesta a recurrir a las inofensivas mentirillas necesarias para aplacar la susceptibilidad de sentimientos de \u00e9l. La Oveja necesita much\u00edsima compasi\u00f3n y apoyo para poder mostrar lo mejor que tiene, la mujer, fr\u00eda y valiente, puede irritarse ante las quejas de su c\u00f3nyuge y su preocupaci\u00f3n por s\u00ed mismo. La afinidad no es mucha, cada uno tiende a acentuar los rasgos negativos del otro.<\/p>\n\n\n\n<p><strong><em>MARIDO OVEJA &#8211; MUJER JABAL\u00cd<\/em><\/strong><br>Un matrimonio firme, gracias a la evidente falta de fricci\u00f3n. Ninguno tiene inconveniente en hacer concesiones, y a los dos les gusta centrar sus actividades en el hogar. La Jabalina es gregaria y no tan sensible como la Oveja que, dada su naturaleza reticente puede ofenderse con facilidad. Ella es menos extravagante que su c\u00f3nyuge y puede ser m\u00e1s sociable y m\u00e1s abierta, con lo que reducir\u00e1 la timidez de \u00e9l, que por su parte puede compensar la falta de refinamiento de su mujer, y es capaz de satisfacer su ardiente necesidad de afecto y cooperaci\u00f3n.<\/p>\n\n\n\n<figure class=\"wp-block-image alignright\"><img decoding=\"async\" src=\"https:\/\/www.zocalo.cl\/brujita\/imagenes\/loto.gif\" alt=\"chakra\"\/><\/figure>\n\n\n\n<p>.<\/p>\n\n\n\n<p><em>NOTA: Todas las descripciones de lo signos han sido tomadas del libro \u00abHor\u00f3scopos Chinos\u00bb de Theodora Lau.<\/em><\/p>\n\n\n\n<p>.<\/p>\n\n\n\n<h5 class=\"wp-block-heading\"><strong>Las 144 combinaciones matrimoniales<\/strong><\/h5>\n\n\n\n<p class=\"has-text-align-center\"><a href=\"https:\/\/www.zocalo.cl\/brujita\/marido-rata\/\">Marido Rata<\/a> &#8211; <a href=\"https:\/\/www.zocalo.cl\/brujita\/marido-buey\/\">Marido B\u00fafalo o Buey<\/a> &#8211; <a href=\"https:\/\/www.zocalo.cl\/brujita\/marido-tigre\/\">Marido Tigre<\/a> &#8211; <a href=\"https:\/\/www.zocalo.cl\/brujita\/marido-conejo-o-gato\/\">Marido Gato o Conejo<\/a> &#8211; <a href=\"https:\/\/www.zocalo.cl\/brujita\/marido-dragon\/\">Marido Drag\u00f3n<\/a> &#8211; <a href=\"https:\/\/www.zocalo.cl\/brujita\/marido-serpiente\/\">Marido Serpiente<\/a> &#8211; <a href=\"https:\/\/www.zocalo.cl\/brujita\/marido-caballo\/\">Marido Caballo<\/a> &#8211; <a href=\"https:\/\/www.zocalo.cl\/brujita\/marido-oveja-o-cabra\/\">Marido Oveja o Cabra<\/a> &#8211; <a href=\"https:\/\/www.zocalo.cl\/brujita\/marido-mono\/\">Marido Mono<\/a> &#8211; <a href=\"https:\/\/www.zocalo.cl\/brujita\/marido-gallo\/\">Marido Gallo<\/a> &#8211; <a href=\"https:\/\/www.zocalo.cl\/brujita\/marido-perro\/\">Marido Perro<\/a> &#8211; <a href=\"https:\/\/www.zocalo.cl\/brujita\/marido-jabali\/\">Marido Jabal\u00ed<\/a><\/p>\n\n\n\n<p><\/p>\n","protected":false},"excerpt":{"rendered":"<p>MARIDO OVEJA &#8211; MUJER RATALos dos son encantadores y capaces de gran afecto y ternura, pero ah\u00ed se acaban las similitudes. La Rata es ma\u00f1osa, inquisitiva e incansable en el trabajo, y es posible que un marido Oveja se tome<\/p>\n","protected":false},"author":1,"featured_media":0,"parent":0,"menu_order":0,"comment_status":"closed","ping_status":"closed","template":"","meta":{"ngg_post_thumbnail":0,"_joinchat":[],"footnotes":""},"class_list":["post-4661","page","type-page","status-publish","hentry"],"_links":{"self":[{"href":"https:\/\/www.zocalo.cl\/brujita\/wp-json\/wp\/v2\/pages\/4661","targetHints":{"allow":["GET"]}}],"collection":[{"href":"https:\/\/www.zocalo.cl\/brujita\/wp-json\/wp\/v2\/pages"}],"about":[{"href":"https:\/\/www.zocalo.cl\/brujita\/wp-json\/wp\/v2\/types\/page"}],"author":[{"embeddable":true,"href":"https:\/\/www.zocalo.cl\/brujita\/wp-json\/wp\/v2\/users\/1"}],"replies":[{"embeddable":true,"href":"https:\/\/www.zocalo.cl\/brujita\/wp-json\/wp\/v2\/comments?post=4661"}],"version-history":[{"count":0,"href":"https:\/\/www.zocalo.cl\/brujita\/wp-json\/wp\/v2\/pages\/4661\/revisions"}],"wp:attachment":[{"href":"https:\/\/www.zocalo.cl\/brujita\/wp-json\/wp\/v2\/media?parent=4661"}],"curies":[{"name":"wp","href":"https:\/\/api.w.org\/{rel}","templated":true}]}}