{"id":4625,"date":"2025-02-11T17:22:37","date_gmt":"2025-02-11T20:22:37","guid":{"rendered":"https:\/\/www.zocalo.cl\/brujita\/?page_id=4625"},"modified":"2025-02-11T17:55:32","modified_gmt":"2025-02-11T20:55:32","slug":"marido-tigre","status":"publish","type":"page","link":"https:\/\/www.zocalo.cl\/brujita\/marido-tigre\/","title":{"rendered":"Marido Tigre"},"content":{"rendered":"\n<p><strong><em>MARIDO TIGRE &#8211; MUJER RATA<\/em><\/strong><br>No es mucha la uni\u00f3n en este matrimonio. El Tigre es demasiado exaltado e imperioso para la naturaleza dom\u00e9stica y sentimental de la Rata, que s\u00f3lo puede ser considerada y atenta cuando la aprecian; en este caso, su compa\u00f1ero es demasiado impaciente y centrado en s\u00ed mismo. El Tigre encuentra que la Rata es mezquina, y en exceso posesiva y exigente. Cada uno de los dos estar\u00e1 insatisfecho con la manera de ser del otro.<\/p>\n\n\n\n<p><strong><em>MARIDO TIGRE &#8211; MUJER BUEY<\/em><\/strong><br>Un choque de temperamentos entre el no conformista, activista y rebelde, y la enamorada de la tradici\u00f3n, que respeta la autoridad y mantiene una conducta conservadora. Son dos individuos obstinados, separados por un \u00e1ngulo de 180 grados. Ser\u00e1 dif\u00edcil que puedan encontrar un terreno com\u00fan que sirva de base para equiparar dos enfoques vitales tan distintos.<\/p>\n\n\n\n<p><strong><em>MARIDO TIGRE &#8211; MUJER TIGRE<\/em><\/strong><br>Ambos son atractivos, vibrantes y encantadores, y pueden tener mucho en com\u00fan. Sin embargo, los dos son igualmente rebeldes, obstinados y de reacci\u00f3n r\u00e1pida cuando se disgustan, y las respectivas heridas causadas en su amor propio pueden provocar tensi\u00f3n en la vida dom\u00e9stica. Los dos necesitan gran libertad personal. Como tienen un excelente sentido del humor, es posible que puedan componer sus diferencias, pero el presupuesto familiar estar\u00e1 siempre lleno de agujeros, porque ambos son grandes gastadores.<\/p>\n\n\n\n<p><strong><em>MARIDO TIGRE &#8211; MUJER CONEJO<\/em><\/strong><br>La recatada Conejita puede sentirse atra\u00edda por la \u00e1spera fascinaci\u00f3n del Tigre, pero cuando lo mire m\u00e1s de cerca es posible que su impetuosidad y osad\u00eda la asusten. El, por su parte, no puede apreciar su naturaleza melanc\u00f3lica y tendiente a las preocupaciones. La Coneja es racional y oportunista, en tanto que el Tigre se deja guiar por sus sentimientos y poca necesidad tiene de diplomacia y tacto. Ella es cort\u00e9s y sensible, \u00e9l vocinglero y espont\u00e1neo. Los dos tendr\u00e1n que hacer un gran esfuerzo para tolerarse mutuamente sus rasgos m\u00e1s caracter\u00edsticos.<\/p>\n\n\n\n<p><strong><em>MARIDO TIGRE &#8211; MUJER DRAG\u00d3N<\/em><\/strong><br>Los dos son en\u00e9rgicos, ambiciosos y valientes. El proceso de su relaci\u00f3n puede estimularlos excesivamente a ambos. Cuando los dos son innovadores y temerarios, es posible que no haya quien termine lo emprendido una vez que se haya disipado el compartido entusiasmo inicial. La mujer Drag\u00f3n tiene aspiraciones al liderazgo y pelear\u00e1 con el Tigre por el dominio. \u00c9l le conceder\u00e1 algunas cosas, con tal de que ella no lo restrinja en sus acciones ni espere docilidad de \u00e9l. Para poder colaborar con \u00e9xito ser\u00e1n necesarios muchos ajustes rec\u00edprocos.<\/p>\n\n\n\n<p><strong><em>MARIDO TIGRE &#8211; MUJER SERPIENTE<\/em><\/strong><br>Cada uno pondr\u00e1 en tela de juicio los motivos del otro y s\u00f3lo advertir\u00e1 sus rasgos negativos. La Serpiente, prudente y pr\u00e1ctica, encontrar\u00e1 en su marido Tigre una oposici\u00f3n directa a la sensatez de su manera de actuar. En cuanto a \u00e9l, la encuentra celosa, posesiva en exceso y demasiado filos\u00f3fica. La Serpiente no puede entender que al Tigre le encante buscar el desastre. Aunque ella tenga una aguda mentalidad financiera, \u00e9l es demasiado gastador y generoso. Son dos que no pueden obtener mucho de su uni\u00f3n.<\/p>\n\n\n\n<p><strong><em>MARIDO TIGRE &#8211; MUJER CABALLO<\/em><\/strong><br>Una pareja equilibrada y armoniosa. Los dos son abiertos, vehementes y fogosos. Pero, en tanto que el Tigre lucha por una causa, el esp\u00edritu pr\u00e1ctico de su mujer orientar\u00e1 las energ\u00edas de ambos hacia objetivos m\u00e1s gratificantes. A \u00e9l le gustar\u00e1 la mentalidad r\u00e1pida e inteligente de la Yegua, y ella puede encaminarlo hacia objetivos dignos del esfuerzo. Ninguno de los dos es lo bastante dom\u00e9stico para ser demasiado posesivo. El Tigre es considerado y afectuoso cuando est\u00e1 de buen \u00e1nimo, y ella tiene la flexibilidad necesaria para adaptarse a su impredecibilidad. La relaci\u00f3n de ambos ser\u00e1 apasionada y necesitar\u00e1n mucho de su rec\u00edproca compa\u00f1\u00eda.<\/p>\n\n\n\n<p><strong><em>MARIDO TIGRE &#8211; MUJER OVEJA<\/em><\/strong><br>\u00c9l es extravertido, complejo y vivaz, Ella, dom\u00e9stica, sensible y dependiente. El Tigre ser\u00e1 buen compa\u00f1ero, pero no puede dedicarse exclusivamente a las necesidades de la Oveja, y la encuentra demasiado dependiente e indecisa. Y ella, aunque es b\u00e1sicamente comprensiva, puede anegarse en la compasi\u00f3n de s\u00ed misma si encuentra que \u00e9l se muestra seco, impaciente y se despreocupa de la trivialidad de sus quejas. Cada uno tendr\u00e1 que adaptarse a la modalidad del otro para conseguir que el matrimonio funcione.<\/p>\n\n\n\n<p><strong><em>MARIDO TIGRE &#8211; MUJER MONO<\/em><\/strong><br>Viven en mundos diferentes. Aunque ambos son sociables, en\u00e9rgicos y extravertidos, al Tigre, temperamental, le desagrada la modalidad competitiva de la Mona, porque es demasiado inteligente y est\u00e1 demasiado segura de s\u00ed misma para dejarse intimidar por su dramatismo vociferante. \u00c9l s\u00f3lo es productivo y resuelto cuando puede ocupar el centro del escenario. Si la Monita exige un papel equivalente, \u00e9l puede sentirse acorralado y muy resentido. Los dos son derrochadores, pero en cuesti\u00f3n de finanzas, la Mona es m\u00e1s prudente y m\u00e1s astuta. Esta mezcla de dos personalidades inconstantes y due\u00f1as de s\u00ed es demasiado agobiante para que sea ben\u00e9fica para ninguno de ellos.<\/p>\n\n\n\n<p><strong><em>MARIDO TIGRE &#8211; MUJER GALLO<\/em><\/strong><br>Ella es demasiado despierta, formada y cr\u00edtica para armonizar con un compa\u00f1ero Tigre, din\u00e1mico pero excesivo en sus reacciones. Al Tigre le molesta la insistencia de su pareja en buscar defectos, y su preocupaci\u00f3n por los detalles. \u00c9l es liberal, generoso y franco en el hablar, en tanto que la Gallina es eficiente, frugal y met\u00f3dica; \u00e9l idealista, ella una mordaz intelectual. Aunque anti convencional, el Tigre se rige por el coraz\u00f3n, en tanto que la Gallina es exc\u00e9ntrica, pero est\u00e1 regida por la cabeza. Ambos est\u00e1n muy preocupados por s\u00ed mismos y se irritar\u00e1n y har\u00e1n sufrir el uno al otro.<\/p>\n\n\n\n<p><strong><em>MARIDO TIGRE &#8211; MUJER PERRO<\/em><\/strong><br>Una combinaci\u00f3n de pareja ideal es la de estos dos signos encantadores, atrayentes y humanitarios. El Tigre es apasionado y animoso, la Perrita leal, comprensiva y servicial. \u00c9l es impaciente e impulsivo; ella cuenta con la l\u00f3gica y la claridad mental necesarias para aconsejarlo sin caer en el agravio personal. El Tigre admira y respeta la lealtad y el buen sentido de su compa\u00f1era, que a su vez no intentar\u00e1 monopolizar sus afectos. Los dos son afectuosos y responden a las necesidades del otro sin invadirlo. Para ambas partes, es una combinaci\u00f3n muy satisfactoria.<\/p>\n\n\n\n<p><strong><em>MARIDO TIGRE &#8211; MUJER JABAL\u00cd<\/em><\/strong><br>Son dos individuos dedicados e inspirados, que luchar\u00e1n m\u00e1s en\u00e9rgicamente por los objetivos de otros que por los suyos propios Juntos formar\u00e1n un equipo excelente: la Jabalina se consagrar\u00e1 sin descanso a las empresas idealistas del Tigre, en tanto que \u00e9l admirar\u00e1 la energ\u00eda y el valor de su pareja. Aunque ella puede ser confiada y afable, acentuar\u00e1 el materialismo de \u00e9l con su amor por el lujo. Ambos son sensuales, desinhibidos y apasionados en el amor. Son capaces de hacer a un lado las peque\u00f1as diferencias y para ambos ser\u00e1 un placer viajar por la vida tomados de la mano.<\/p>\n\n\n\n<figure class=\"wp-block-image alignright\"><img decoding=\"async\" src=\"https:\/\/www.zocalo.cl\/brujita\/imagenes\/loto.gif\" alt=\"chakra\"\/><\/figure>\n\n\n\n<p>.<\/p>\n\n\n\n<p><em>NOTA: Todas las descripciones de lo signos han sido tomadas del libro \u00abHor\u00f3scopos Chinos\u00bb de Theodora Lau.<\/em><\/p>\n","protected":false},"excerpt":{"rendered":"<p>MARIDO TIGRE &#8211; MUJER RATANo es mucha la uni\u00f3n en este matrimonio. El Tigre es demasiado exaltado e imperioso para la naturaleza dom\u00e9stica y sentimental de la Rata, que s\u00f3lo puede ser considerada y atenta cuando la aprecian; en este<\/p>\n","protected":false},"author":1,"featured_media":0,"parent":0,"menu_order":0,"comment_status":"closed","ping_status":"closed","template":"","meta":{"ngg_post_thumbnail":0,"_joinchat":[],"footnotes":""},"class_list":["post-4625","page","type-page","status-publish","hentry"],"_links":{"self":[{"href":"https:\/\/www.zocalo.cl\/brujita\/wp-json\/wp\/v2\/pages\/4625","targetHints":{"allow":["GET"]}}],"collection":[{"href":"https:\/\/www.zocalo.cl\/brujita\/wp-json\/wp\/v2\/pages"}],"about":[{"href":"https:\/\/www.zocalo.cl\/brujita\/wp-json\/wp\/v2\/types\/page"}],"author":[{"embeddable":true,"href":"https:\/\/www.zocalo.cl\/brujita\/wp-json\/wp\/v2\/users\/1"}],"replies":[{"embeddable":true,"href":"https:\/\/www.zocalo.cl\/brujita\/wp-json\/wp\/v2\/comments?post=4625"}],"version-history":[{"count":0,"href":"https:\/\/www.zocalo.cl\/brujita\/wp-json\/wp\/v2\/pages\/4625\/revisions"}],"wp:attachment":[{"href":"https:\/\/www.zocalo.cl\/brujita\/wp-json\/wp\/v2\/media?parent=4625"}],"curies":[{"name":"wp","href":"https:\/\/api.w.org\/{rel}","templated":true}]}}