{"id":458,"date":"2009-01-07T21:31:50","date_gmt":"2009-01-08T01:31:50","guid":{"rendered":"http:\/\/www.zocalo.cl\/brujita\/?page_id=458"},"modified":"2009-01-07T22:13:58","modified_gmt":"2009-01-08T02:13:58","slug":"algo-sobre-el-tarot-y-su-historia","status":"publish","type":"page","link":"https:\/\/www.zocalo.cl\/brujita\/brujerias-varias\/algo-sobre-el-tarot-y-su-historia\/","title":{"rendered":"El tarot y algo de historia"},"content":{"rendered":"<p><img loading=\"lazy\" decoding=\"async\" class=\"alignleft\" style=\"margin: 2px;\" src=\"https:\/\/www.zocalo.cl\/brujita\/brujerias\/tarot\/coyote2.jpg\" alt=\"\" width=\"50\" height=\"95\" \/><\/p>\n<p style=\"text-align: left;\">El Tarot es un naipe de 78 cartas, 56 de las cuales son el origen de la baraja espa\u00f1ola, con copas, espadas, bastos y oros; las              otras 22 muestran escenas con personajes, y son llamadas triunfos              o arcanos mayores.<\/p>\n<p style=\"text-align: left;\">Hacia mediados del siglo XV, un artista italiano pint\u00f3                    para una famila noble un mazo de cartas, sin t\u00edtulo ni                    n\u00famero, el juego se denomin\u00f3 Tarocchi. Fu\u00e9                    la primera vez que estas cartas aparecieron en Europa. Tambi\u00e9n                    hay referencias a que los gitanos usaban juegos de naipes similares                    para \u00ableer la suerte\u00bb. Esto es en lo que se refiere                    a Europa.<\/p>\n<p style=\"text-align: left;\">Los estudiosos del tarot afirman que el mazo tiene un origen                  much\u00edsimo m\u00e1s antiguo, pero hay distintas opiniones                  la respecto. Unos dicen que es de origen egipcio, y que tendr\u00eda                  m\u00e1s de 3000 a\u00f1os de antig\u00fcedad; se tratar\u00eda                  del Libro de Toth, el libro de sabidur\u00eda egipcio, lanzado                  al mundo de una forma un tanto velada. Otros lo relacionan con                  la C\u00e1bala y el alfabeto hebreo, y le asignan una edad similar.<\/p>\n<p style=\"text-align: left;\">El punto en el que todos est\u00e1n de acuerdo es que cada                    carta o imagen est\u00e1 construida con una serie de s\u00edmbolos,                    universales todos, por lo que cada imagen tiene un significado                    bastante concreto. Cada uno de los 22 triunfos representa un                    arquetipo, o alguna de las grandes tendencias del ser humano.                    Las cartas menores aluden a la vida diaria y sus acontecimientos.<\/p>\n<p>Existen muchas versiones del tarot, yo he visto por lo menos                    unas cien. Cada autor hace variaciones en el color y en los                    dibujos, aunque generalmente se respetan los s\u00edmbolos                    b\u00e1sicos de cada carta. Las cartas menores originalmente                    ten\u00edan solo bastos, copas, espadas y oros, pero a principios                    de siglo apareci\u00f3 un tarot con escenas de la vida en                    ellas; con el tiempo surgieron m\u00e1s mazos con escenas                    cotidianas.<br \/>\nLas cartas que siguen son distintas versiones del arcano n\u00ba                    1, El Mago.<\/p>\n<table style=\"width: 90%; text-align: center;\" border=\"0\" cellspacing=\"0\" cellpadding=\"0\" align=\"center\">\n<tbody>\n<tr>\n<td width=\"32%\" height=\"215\" valign=\"top\"><span style=\"font-size: x-small;\"><img loading=\"lazy\" decoding=\"async\" src=\"https:\/\/www.zocalo.cl\/brujita\/brujerias\/tarot\/mago1.jpg\" alt=\"\" width=\"128\" height=\"200\" \/><br \/>\nAleister Crowley Toth Tarot<\/span><\/td>\n<td width=\"35%\" height=\"215\" valign=\"top\"><span style=\"font-size: x-small;\"><img loading=\"lazy\" decoding=\"async\" src=\"https:\/\/www.zocalo.cl\/brujita\/brujerias\/tarot\/magodali.jpg\" alt=\"\" width=\"110\" height=\"200\" \/><br \/>\nTarot Dal\u00ed<\/span><\/td>\n<td width=\"35%\" height=\"215\" valign=\"top\"><span style=\"font-size: x-small;\"><img loading=\"lazy\" decoding=\"async\" src=\"https:\/\/www.zocalo.cl\/brujita\/brujerias\/tarot\/magician.jpg\" alt=\"\" width=\"106\" height=\"200\" align=\"middle\" \/><br \/>\nTarot Haindl<\/span><\/td>\n<\/tr>\n<tr>\n<td height=\"193\" valign=\"top\"><span style=\"font-size: x-small;\"><img loading=\"lazy\" decoding=\"async\" src=\"https:\/\/www.zocalo.cl\/brujita\/brujerias\/tarot\/mago3.jpg\" alt=\"\" width=\"119\" height=\"200\" \/><br \/>\nTarot Espa\u00f1ol<\/span><\/td>\n<td height=\"193\" valign=\"top\"><span style=\"font-size: x-small;\"><img loading=\"lazy\" decoding=\"async\" src=\"https:\/\/www.zocalo.cl\/brujita\/brujerias\/tarot\/magoI.jpg\" alt=\"\" width=\"126\" height=\"200\" \/><br \/>\nTarot Pumariega<\/span><\/td>\n<td height=\"193\" valign=\"top\"><span style=\"font-size: x-small;\"><img loading=\"lazy\" decoding=\"async\" src=\"https:\/\/www.zocalo.cl\/brujita\/brujerias\/tarot\/r02.jpg\" alt=\"\" width=\"108\" height=\"200\" \/><br \/>\nTarot Rider &#8211; Waite<\/span><\/td>\n<\/tr>\n<tr>\n<td width=\"32%\" height=\"193\" valign=\"top\"><span style=\"font-size: x-small;\"><img loading=\"lazy\" decoding=\"async\" src=\"https:\/\/www.zocalo.cl\/brujita\/brujerias\/tarot\/mago2.jpg\" alt=\"\" width=\"128\" height=\"200\" \/><br \/>\nTarot Balbi<\/span><\/td>\n<td width=\"35%\" height=\"193\" valign=\"top\"><span style=\"font-size: x-small;\"><img loading=\"lazy\" decoding=\"async\" src=\"https:\/\/www.zocalo.cl\/brujita\/brujerias\/tarot\/magodurero.jpg\" alt=\"\" width=\"96\" height=\"200\" \/><br \/>\nTarot Durero<\/span><\/td>\n<td width=\"35%\" height=\"193\" valign=\"top\"><span style=\"font-size: x-small;\"><img loading=\"lazy\" decoding=\"async\" src=\"https:\/\/www.zocalo.cl\/brujita\/brujerias\/tarot\/magician2.jpg\" alt=\"\" width=\"106\" height=\"200\" \/><br \/>\nTarot of the Cat People<\/span><\/td>\n<\/tr>\n<tr>\n<td width=\"32%\" valign=\"top\"><span style=\"font-size: x-small;\"><img loading=\"lazy\" decoding=\"async\" src=\"https:\/\/www.zocalo.cl\/brujita\/brujerias\/tarot\/r022.jpg\" alt=\"\" width=\"107\" height=\"200\" \/><br \/>\nTarot Renacentista<\/span><\/td>\n<td width=\"35%\" valign=\"top\"><span style=\"font-size: x-small;\"><img loading=\"lazy\" decoding=\"async\" src=\"https:\/\/www.zocalo.cl\/brujita\/brujerias\/tarot\/magogato.jpg\" alt=\"\" width=\"122\" height=\"200\" \/><br \/>\nTarot <span style=\"text-decoration: underline;\">para<\/span> gatos<\/span><\/td>\n<td width=\"35%\" valign=\"top\"><span style=\"font-size: x-small;\"><img loading=\"lazy\" decoding=\"async\" src=\"https:\/\/www.zocalo.cl\/brujita\/brujerias\/tarot\/coyote.jpg\" alt=\"\" width=\"105\" height=\"200\" \/><br \/>\nNative American Tarot<\/span><\/td>\n<\/tr>\n<\/tbody>\n<\/table>\n","protected":false},"excerpt":{"rendered":"<p>El Tarot es un naipe de 78 cartas, 56 de las cuales son el origen de la baraja espa\u00f1ola, con copas, espadas, bastos y oros; las otras 22 muestran escenas con personajes, y son llamadas triunfos o arcanos mayores. Hacia<\/p>\n","protected":false},"author":1,"featured_media":0,"parent":145,"menu_order":0,"comment_status":"closed","ping_status":"closed","template":"","meta":{"ngg_post_thumbnail":0,"_joinchat":[],"footnotes":""},"class_list":["post-458","page","type-page","status-publish","hentry"],"_links":{"self":[{"href":"https:\/\/www.zocalo.cl\/brujita\/wp-json\/wp\/v2\/pages\/458","targetHints":{"allow":["GET"]}}],"collection":[{"href":"https:\/\/www.zocalo.cl\/brujita\/wp-json\/wp\/v2\/pages"}],"about":[{"href":"https:\/\/www.zocalo.cl\/brujita\/wp-json\/wp\/v2\/types\/page"}],"author":[{"embeddable":true,"href":"https:\/\/www.zocalo.cl\/brujita\/wp-json\/wp\/v2\/users\/1"}],"replies":[{"embeddable":true,"href":"https:\/\/www.zocalo.cl\/brujita\/wp-json\/wp\/v2\/comments?post=458"}],"version-history":[{"count":0,"href":"https:\/\/www.zocalo.cl\/brujita\/wp-json\/wp\/v2\/pages\/458\/revisions"}],"up":[{"embeddable":true,"href":"https:\/\/www.zocalo.cl\/brujita\/wp-json\/wp\/v2\/pages\/145"}],"wp:attachment":[{"href":"https:\/\/www.zocalo.cl\/brujita\/wp-json\/wp\/v2\/media?parent=458"}],"curies":[{"name":"wp","href":"https:\/\/api.w.org\/{rel}","templated":true}]}}