{"id":421,"date":"2009-01-07T13:36:36","date_gmt":"2009-01-07T17:36:36","guid":{"rendered":"http:\/\/www.zocalo.cl\/brujita\/?page_id=421"},"modified":"2020-08-24T00:17:28","modified_gmt":"2020-08-24T03:17:28","slug":"los-signos-y-su-lectura-favorita","status":"publish","type":"page","link":"https:\/\/www.zocalo.cl\/brujita\/brujerias-varias\/astrologia\/horoscopos-con-humor\/los-signos-y-su-lectura-favorita\/","title":{"rendered":"Los signos y su lectura favorita"},"content":{"rendered":"<p><img loading=\"lazy\" decoding=\"async\" style=\"margin: 2px;\" src=\"https:\/\/www.zocalo.cl\/brujita\/brujerias\/aries.gif\" alt=\"\" width=\"43\" height=\"43\"><strong>ARIES:<\/strong> \u00bfleer?\u2026 mmmhhh, para este impaciente carnero la literatura y la lectura no son precisamente santos de su devoci\u00f3n\u2026 hay cosas m\u00e1s \u00fatiles en las que emplear el tiempo. Para casos de emergencia, las aventuras son un buen g\u00e9nero.<\/p>\n<p><img loading=\"lazy\" decoding=\"async\" style=\"margin: 2px;\" src=\"https:\/\/www.zocalo.cl\/brujita\/brujerias\/tauro.gif\" alt=\"\" width=\"44\" height=\"40\"><strong>TAURO:<\/strong> a los toritos les encanta el signo $$$, as\u00ed que toda lectura que contribuya a educar y mejorar su capacidad financiera ser\u00e1 bien venido. Adem\u00e1s son rom\u00e1nticos y sentimentales, as\u00ed que un librito de estos temas no les hace nada de mal.<\/p>\n<p><img loading=\"lazy\" decoding=\"async\" style=\"margin: 2px;\" src=\"https:\/\/www.zocalo.cl\/brujita\/brujerias\/geminis.gif\" alt=\"\" width=\"44\" height=\"38\" <strong=\"\">G\u00c9MINIS: libros, libros, libros, su lectura favorita\u2026 todo tema que estimule su mente inquieta, revistas, lo que sea\u2026 menos el cor\u00edn tellado y esas novelas rosa, \u00a1por favor!\u2026 aunque tal vez por pura curiosidad igual las lea.<\/p>\n<p><img loading=\"lazy\" decoding=\"async\" style=\"margin: 2px;\" src=\"https:\/\/www.zocalo.cl\/brujita\/brujerias\/cancer.gif\" alt=\"\" width=\"43\" height=\"44\"><strong>C\u00c1NCER: <\/strong>con el gusto que tienen estos cangrejitos por las cosas antiguas se imaginar\u00e1n que los libros antiguos, forrados en cuero y con letras doradas les fascinar\u00e1n\u2026 o esos con tapas de madera y cierre con hebillas o broches, con letras hechas en fuego\u2026 cualquier de esos con olor a viejo, no importa el tema.<\/p>\n<p><img loading=\"lazy\" decoding=\"async\" style=\"margin: 2px;\" src=\"https:\/\/www.zocalo.cl\/brujita\/brujerias\/leo.gif\" alt=\"\" width=\"43\" height=\"46\"><strong><strong><\/strong>LEO: <\/strong>definitivamente no les recomedar\u00eda esos libros de autoayuda\u2026 \u00bfpara que se les infle m\u00e1s el ego?, mejor que no. Es preferible que lean sobre sus cong\u00e9neres felinos o sobre los animales en general\u2026 para que conozcan a aquellos sobre los que reinan digo yo\u2026<\/p>\n<p><img loading=\"lazy\" decoding=\"async\" style=\"margin: 2px;\" src=\"https:\/\/www.zocalo.cl\/brujita\/brujerias\/virgo.gif\" alt=\"\" width=\"38\" height=\"45\"><strong>VIRGO:<\/strong> obviamente les encantan los libros de salud, y de c\u00f3mo mejorar la vida, y de c\u00f3mo vivir y ser m\u00e1s sanos, de c\u00f3mo y el cu\u00e1ndo organizar mejor los d\u00edas y la vida\u2026 \u00a1\u00a1\u00a1y esos libros sobre dieta!!!\u2026 y la antidieta, y la dieta de la luna, la del sol, la del lagarto, la de la iguana\u2026<\/p>\n<p><img loading=\"lazy\" decoding=\"async\" style=\"margin: 2px;\" src=\"https:\/\/www.zocalo.cl\/brujita\/brujerias\/libra.gif\" alt=\"\" width=\"43\" height=\"41\"><strong><\/strong><strong>LIBRA:<\/strong> aparte de su incre\u00edble indecisi\u00f3n, estos personajes son muy buenos en el \u00e1rea del arte y la est\u00e9tica y la decoraci\u00f3n, les encantan los libros del tema\u2026 que sean capaces de llevar a cabo esas ideas es otro tema\u2026<\/p>\n<p><img loading=\"lazy\" decoding=\"async\" style=\"margin: 2px;\" src=\"https:\/\/www.zocalo.cl\/brujita\/brujerias\/escorpion.gif\" alt=\"\" width=\"39\" height=\"44\"><strong>ESCORPI\u00d3N:<\/strong> embrujos, terror, vampiros, hombres lobo; literatura er\u00f3tica, de la buena y tambi\u00e9n de la de clase \u00abB\u00bb\u2026 todo lo que alimente la imaginaci\u00f3n un tanto morbosa de este anfibio medio venenoso.<\/p>\n<p><img loading=\"lazy\" decoding=\"async\" style=\"margin: 2px;\" src=\"https:\/\/www.zocalo.cl\/brujita\/brujerias\/sagitario.gif\" alt=\"\" width=\"43\" height=\"41\"><strong>SAGITARIO:<\/strong> ahhhhh\u2026 definitivamente les gustan los libros de fantas\u00eda heroica, esos con dragones y pr\u00edncipes y princesas encantadas\u2026 tambi\u00e9n aquellos de aventuras con peligros, luchas, peleas y esas cosas.<\/p>\n<p><img loading=\"lazy\" decoding=\"async\" style=\"margin: 2px;\" src=\"https:\/\/www.zocalo.cl\/brujita\/brujerias\/capricornio.gif\" alt=\"\" width=\"43\" height=\"42\">CAPRICORNIO: nada muy innovador para estas cabritas; la ciencia ficci\u00f3n es demasiado para ellas\u2026 las aventuras tienen que ser cre\u00edbles\u2026 creo que lo mejor son esos libros biogr\u00e1ficos de c\u00f3mo tal o cual fulano, perico o personaje a superado los obst\u00e1culos en su vida\u2026 edificante, \u00bfno?<\/p>\n<p><img loading=\"lazy\" decoding=\"async\" style=\"margin: 2px;\" src=\"https:\/\/www.zocalo.cl\/brujita\/brujerias\/acuario.gif\" alt=\"\" width=\"43\" height=\"44\">ACUARIO: aqu\u00ed es re f\u00e1cil la cosa, a estos seres a\u00e9reos les encanta la ciencia ficci\u00f3n, todos esos libros sobre mundos futuros y viajes intergal\u00e1cticos\u2026 tambi\u00e9n la ciencia aterrizada de nuestros d\u00edas y esos textos sobre el c\u00f3mo, el cu\u00e1ndo y el d\u00f3nde de las part\u00edculas subat\u00f3micas.<\/p>\n<p><img loading=\"lazy\" decoding=\"async\" style=\"margin: 2px;\" src=\"https:\/\/www.zocalo.cl\/brujita\/brujerias\/piscis.gif\" alt=\"\" width=\"40\" height=\"43\">PISCIS: mmmhh\u2026 esos libros que se encuentran en las librer\u00edas esot\u00e9ricas, cualquiera de ellos, o todos\u2026sobre astrolog\u00eda, tarot, runas, autosanaci\u00f3n, magias varias, chamanismo\u2026 en fin, todo lo que huela de alg\u00fan modo a brujer\u00eda\u2026 pero de cierta categor\u00eda, \u00a1please!<\/p>\n<p style=\"text-align: center;\"><a href=\"https:\/\/www.zocalo.cl\/brujita\/?page_id=359\">volver a hor\u00f3scopos<\/a><\/p>\n","protected":false},"excerpt":{"rendered":"<p>ARIES: \u00bfleer?\u2026 mmmhhh, para este impaciente carnero la literatura y la lectura no son precisamente santos de su devoci\u00f3n\u2026 hay cosas m\u00e1s \u00fatiles en las que emplear el tiempo. Para casos de emergencia, las aventuras son un buen g\u00e9nero. TAURO:<\/p>\n","protected":false},"author":1,"featured_media":0,"parent":359,"menu_order":10,"comment_status":"closed","ping_status":"closed","template":"","meta":{"ngg_post_thumbnail":0,"_joinchat":[],"footnotes":""},"class_list":["post-421","page","type-page","status-publish","hentry"],"_links":{"self":[{"href":"https:\/\/www.zocalo.cl\/brujita\/wp-json\/wp\/v2\/pages\/421","targetHints":{"allow":["GET"]}}],"collection":[{"href":"https:\/\/www.zocalo.cl\/brujita\/wp-json\/wp\/v2\/pages"}],"about":[{"href":"https:\/\/www.zocalo.cl\/brujita\/wp-json\/wp\/v2\/types\/page"}],"author":[{"embeddable":true,"href":"https:\/\/www.zocalo.cl\/brujita\/wp-json\/wp\/v2\/users\/1"}],"replies":[{"embeddable":true,"href":"https:\/\/www.zocalo.cl\/brujita\/wp-json\/wp\/v2\/comments?post=421"}],"version-history":[{"count":0,"href":"https:\/\/www.zocalo.cl\/brujita\/wp-json\/wp\/v2\/pages\/421\/revisions"}],"up":[{"embeddable":true,"href":"https:\/\/www.zocalo.cl\/brujita\/wp-json\/wp\/v2\/pages\/359"}],"wp:attachment":[{"href":"https:\/\/www.zocalo.cl\/brujita\/wp-json\/wp\/v2\/media?parent=421"}],"curies":[{"name":"wp","href":"https:\/\/api.w.org\/{rel}","templated":true}]}}