{"id":419,"date":"2009-01-07T13:29:39","date_gmt":"2009-01-07T17:29:39","guid":{"rendered":"http:\/\/www.zocalo.cl\/brujita\/?page_id=419"},"modified":"2020-08-24T00:17:15","modified_gmt":"2020-08-24T03:17:15","slug":"los-signos-y-su-casa-ideal","status":"publish","type":"page","link":"https:\/\/www.zocalo.cl\/brujita\/brujerias-varias\/astrologia\/horoscopos-con-humor\/los-signos-y-su-casa-ideal\/","title":{"rendered":"Los signos y su casa ideal"},"content":{"rendered":"<p><img loading=\"lazy\" decoding=\"async\" style=\"margin: 2px;\" src=\"https:\/\/www.zocalo.cl\/brujita\/brujerias\/aries.gif\" alt=\"\" width=\"43\" height=\"43\"><strong>ARIES:<\/strong> estos individuos son sensibles e idealistas en extremo; inquietos a m\u00e1s no poder, de grandes iniciativas, empresarios innatos, acelerados\u2026\u00bfcasa?; s\u00f3lo para reposar sus cansados huesos; recuperarse de un resfr\u00edo fulminante (si logras esposarlos a la cama)\u2026 y para los encuentros rom\u00e1nticos con su media naranja.<\/p>\n<p><img loading=\"lazy\" decoding=\"async\" style=\"margin: 2px;\" src=\"https:\/\/www.zocalo.cl\/brujita\/brujerias\/tauro.gif\" alt=\"\" width=\"44\" height=\"40\"><strong>TAURO:<\/strong> \u00bfhas visto esas propagandas donde sale una casa ideal, acogedora, con la familia siempre sonriente, la chimenea encendida, la mesa servido, un sill\u00f3n de esos reclinables y bien mullidos, m\u00fasica agradable, el perro de la casa echado a los pies del amo?\u2026 pues m\u00e1s o menos as\u00ed ser\u00eda la cosa.<\/p>\n<p><img loading=\"lazy\" decoding=\"async\" style=\"margin: 2px;\" src=\"https:\/\/www.zocalo.cl\/brujita\/brujerias\/geminis.gif\" alt=\"\" width=\"44\" height=\"38\"><strong>G\u00c9MINIS:<\/strong> aqu\u00ed el asunto es de lo m\u00e1s obvio: 2 o 3 casas, o tal vez m\u00e1s; as\u00ed podr\u00e1 cambiar de ambiente cuando se le ocurra o cuando est\u00e9 aburrido; en cada una de ellas ser\u00eda ideal tenerle una buena provisi\u00f3n de libros\u2026 mmmm, \u00bfser\u00e1 capaz de acordarse de la direcci\u00f3n de todas las casas?<\/p>\n<p><img loading=\"lazy\" decoding=\"async\" style=\"margin: 2px;\" src=\"https:\/\/www.zocalo.cl\/brujita\/brujerias\/cancer.gif\" alt=\"\" width=\"43\" height=\"44\"><strong>C\u00c1NCER:<\/strong> el cangrejito ama su hogar, si cuando vuelve de alg\u00fan largo viaje le hace cari\u00f1o a los muebles de puro gusto de estar en casa otra vez. Detalle muy importante es que en ella est\u00e1n guardados todos aquello recuerdos de la infancia, la adolescencia, el regalo de los 5 a\u00f1os de la abuelita, la foto de los bisabuelos cuando cumplieron 50 a\u00f1os de matrimonio; adem\u00e1s de la boleta del restaurante de la primera cena rom\u00e1ntica y la entrada a un recital de hace 20 a\u00f1os.<\/p>\n<p><img loading=\"lazy\" decoding=\"async\" style=\"margin: 2px;\" src=\"https:\/\/www.zocalo.cl\/brujita\/brujerias\/leo.gif\" alt=\"\" width=\"43\" height=\"46\"><strong>LEO:<\/strong> los leoncitos pueden ser extremadamente ordenados y buenos para arreglar llaves, hacer muebles, construir incluso, por lo que te imaginar\u00e1s que tendr\u00e1n una buena y s\u00f3lida casa, con todos los artefactos funcionando\u2026 tambi\u00e9n existe el otro tipo de leo, que es exactamente lo contrario: un desorden ambulante, ni qu\u00e9 decir c\u00f3mo ser\u00e1 su casa\u2026<\/p>\n<p><img loading=\"lazy\" decoding=\"async\" style=\"margin: 2px;\" src=\"https:\/\/www.zocalo.cl\/brujita\/brujerias\/virgo.gif\" alt=\"\" width=\"38\" height=\"45\"><strong>VIRGO: <\/strong>\u00bfadivinan?\u2026 pues una casa limpia, ordenada, pulcra, de colores claros, con las ventanas orientadas para recibir el sol justo en invierno y verano, cada cosa en su lugar\u2026 si hasta el gato tendr\u00e1 una apariencia casi inmaculada\u2026 si es que aguanta a estos felinos que pelechan, of course.<\/p>\n<p><img loading=\"lazy\" decoding=\"async\" style=\"margin: 2px;\" src=\"https:\/\/www.zocalo.cl\/brujita\/brujerias\/libra.gif\" alt=\"\" width=\"43\" height=\"41\"><strong>LIBRA: <\/strong>estos personajes les gustan las casas bellamente decoradas, con todos los colores armonizando, detalles originales\u2026 algo as\u00ed como las casas sacadas de revistas decoraci\u00f3n. El problema es que el tan refinado gusto y el poder de decisi\u00f3n algo deficiente hacen cortocircuito por lo que suelen terminar en casas llenas de intentos de decoraci\u00f3n a medio terminar.<\/p>\n<p><img loading=\"lazy\" decoding=\"async\" style=\"margin: 2px;\" src=\"https:\/\/www.zocalo.cl\/brujita\/brujerias\/escorpion.gif\" alt=\"\" width=\"39\" height=\"44\"><strong>ESCORPI\u00d3N:<\/strong> de tanto que le gustan los escondrijos y las cosas ocultas a estos bichitos, lo m\u00e1s conveniente ser\u00eda una casa llena de recovecos, escondites, pasadizos, lugares secretos, roperos con llave, muebles con llave, computador con password, chapa de seguridad en la puerta\u2026<\/p>\n<p><img loading=\"lazy\" decoding=\"async\" style=\"margin: 2px;\" src=\"https:\/\/www.zocalo.cl\/brujita\/brujerias\/sagitario.gif\" alt=\"\" width=\"43\" height=\"41\"><strong>SAGITARIO: <\/strong>como les encantan los viajes, con estos centauros es re f\u00e1cil el tema de la casa ideal: una carpa todo terreno, peque\u00f1a y transportable para 2 personas: el sujeto en cuesti\u00f3n y su pareja\u2026 el perro se queda afuera\u2026 \u00bfme preguntas sobre casa de esas de ladrillos, con puertas y ventanas?\u2026 \u00a1qu\u00e9 lata!<\/p>\n<p><img loading=\"lazy\" decoding=\"async\" style=\"margin: 2px;\" src=\"https:\/\/www.zocalo.cl\/brujita\/brujerias\/capricornio.gif\" alt=\"\" width=\"43\" height=\"42\"><strong>CAPRICORNIO:<\/strong> a las cabritas les gustan las casas s\u00f3lidas, de esas que se hac\u00edan antes, de hormig\u00f3n armado, paredes gruesas y de estilo tradicional; nada de esas cosas extra\u00f1as con volados y ventanas de formas raras\u2026 cuando sea \u00e9poca de parranda le colgar\u00e1 unos cuantos globos, serpentinas y adornos varios, los que ser\u00e1n retirados hipso facto apenas termine la fiestoca\u2026 no vaya a ser descubierto el desliz\u2026<\/p>\n<p><img loading=\"lazy\" decoding=\"async\" style=\"margin: 2px;\" src=\"https:\/\/www.zocalo.cl\/brujita\/brujerias\/acuario.gif\" alt=\"\" width=\"43\" height=\"44\"><strong>ACUARIO:<\/strong> un cohete o nave espacial orbitando a alguna altura de la tierra\u2026 o, mejor a\u00fan, una nave para hacer saltos interestelares y vagar de planeta en planeta, de sistema en sistema\u2026 si ya s\u00e9 que todav\u00eda no existen, pero es que son tan so\u00f1adores ellos\u2026<\/p>\n<p><img loading=\"lazy\" decoding=\"async\" style=\"margin: 2px;\" src=\"https:\/\/www.zocalo.cl\/brujita\/brujerias\/piscis.gif\" alt=\"\" width=\"40\" height=\"43\"><strong>PISCIS:<\/strong> ahhhh\u2026 una casa con ventanas graaaaandes, de las que se pueda ver un jard\u00edn esplendoroso y en lo posible el mar\u2026\u00bfdif\u00edcil?; pues si no quieres que tu pescadito favorito se te coloque del color de las paredes que lo encierran y se le agrise el alma, m\u00e1s te vale juntar plata y comprarle la casa de sus sue\u00f1os.<\/p>\n<p style=\"text-align: center;\"><a href=\"https:\/\/www.zocalo.cl\/brujita\/?page_id=359\">volver a hor\u00f3scopos<\/a><\/p>\n","protected":false},"excerpt":{"rendered":"<p>ARIES: estos individuos son sensibles e idealistas en extremo; inquietos a m\u00e1s no poder, de grandes iniciativas, empresarios innatos, acelerados\u2026\u00bfcasa?; s\u00f3lo para reposar sus cansados huesos; recuperarse de un resfr\u00edo fulminante (si logras esposarlos a la cama)\u2026 y para los<\/p>\n","protected":false},"author":1,"featured_media":0,"parent":359,"menu_order":9,"comment_status":"closed","ping_status":"closed","template":"","meta":{"ngg_post_thumbnail":0,"_joinchat":[],"footnotes":""},"class_list":["post-419","page","type-page","status-publish","hentry"],"_links":{"self":[{"href":"https:\/\/www.zocalo.cl\/brujita\/wp-json\/wp\/v2\/pages\/419","targetHints":{"allow":["GET"]}}],"collection":[{"href":"https:\/\/www.zocalo.cl\/brujita\/wp-json\/wp\/v2\/pages"}],"about":[{"href":"https:\/\/www.zocalo.cl\/brujita\/wp-json\/wp\/v2\/types\/page"}],"author":[{"embeddable":true,"href":"https:\/\/www.zocalo.cl\/brujita\/wp-json\/wp\/v2\/users\/1"}],"replies":[{"embeddable":true,"href":"https:\/\/www.zocalo.cl\/brujita\/wp-json\/wp\/v2\/comments?post=419"}],"version-history":[{"count":0,"href":"https:\/\/www.zocalo.cl\/brujita\/wp-json\/wp\/v2\/pages\/419\/revisions"}],"up":[{"embeddable":true,"href":"https:\/\/www.zocalo.cl\/brujita\/wp-json\/wp\/v2\/pages\/359"}],"wp:attachment":[{"href":"https:\/\/www.zocalo.cl\/brujita\/wp-json\/wp\/v2\/media?parent=419"}],"curies":[{"name":"wp","href":"https:\/\/api.w.org\/{rel}","templated":true}]}}