{"id":414,"date":"2009-01-07T10:12:21","date_gmt":"2009-01-07T14:12:21","guid":{"rendered":"http:\/\/www.zocalo.cl\/brujita\/?page_id=414"},"modified":"2020-08-24T00:16:59","modified_gmt":"2020-08-24T03:16:59","slug":"afirmense-que-aqui-vienen-los-defectos","status":"publish","type":"page","link":"https:\/\/www.zocalo.cl\/brujita\/brujerias-varias\/astrologia\/horoscopos-con-humor\/afirmense-que-aqui-vienen-los-defectos\/","title":{"rendered":"Af\u00edrmense, que aqu\u00ed vienen los defectos"},"content":{"rendered":"<p><img loading=\"lazy\" decoding=\"async\" style=\"margin: 2px;\" src=\"https:\/\/www.zocalo.cl\/brujita\/brujerias\/aries.gif\" alt=\"\" width=\"43\" height=\"43\"><strong>ARIES:<\/strong> la peor cara de este carnero es que le gusta imponer sus ideas sobre el resto de la gente. Si no se le hace caso, entonces se volver\u00e1 un energ\u00fameno. Sugerencia: si lo quieres convencer de algo que no le gusta; d\u00f3rale la p\u00edldora, hal\u00e1galo\u2026 entonces tendr\u00e1s un dulce carnero.<\/p>\n<p><img loading=\"lazy\" decoding=\"async\" style=\"margin: 2px;\" src=\"https:\/\/www.zocalo.cl\/brujita\/brujerias\/tauro.gif\" alt=\"\" width=\"44\" height=\"40\"><strong>TAURO:<\/strong> este torito es sumamente posesivo y rutinario, y obviamente ve rojo cuando se enoja. Como adem\u00e1s es bastante sensual, lo puedes desenojar a punta de estimular sus sentidos: una rica comida, un masaje\u2026 pero tienes que armarte de paciencia, pues es terco y tozudo, y se va a demorar en aflojar.<\/p>\n<p><img loading=\"lazy\" decoding=\"async\" style=\"margin: 2px;\" src=\"https:\/\/www.zocalo.cl\/brujita\/brujerias\/geminis.gif\" alt=\"\" width=\"44\" height=\"38\"><strong>G\u00c9MINIS:<\/strong> es tan, pero tan volado; adem\u00e1s de \u00abcabeza de pollo\u00bb; posee dos caras; demasiado curioso e inquieto, y falto de concentraci\u00f3n; \u00bfqu\u00e9 se hace con este personaje?\u2026 pues tragar saliva, arremangarse, y\u2026 al mal tiempo buena cara; porque intentar cambiarlo no te lo recomiendo.<\/p>\n<p><img loading=\"lazy\" decoding=\"async\" style=\"margin: 2px;\" src=\"https:\/\/www.zocalo.cl\/brujita\/brujerias\/cancer.gif\" alt=\"\" width=\"43\" height=\"44\"><strong>C\u00c1NCER:<\/strong> demasiado, demasiado emocional. Cuando la luna se les arranca hay que andar con cuidado de no pisarles el \u00e1nimo, que probablemente ande por el suelo. Como adem\u00e1s son quisquillosos, probablemente te culpe de todos los males, imaginarios o ciertos, que lo aquejen en medio de su depresi\u00f3n. Recomendaci\u00f3n: c\u00f3mprate un pasaje a una ciudad cercana, mientras dura la luna nueva.<\/p>\n<p><img loading=\"lazy\" decoding=\"async\" style=\"margin: 2px;\" src=\"https:\/\/www.zocalo.cl\/brujita\/brujerias\/leo.gif\" alt=\"\" width=\"43\" height=\"46\"><strong>LEO:<\/strong> dogm\u00e1tico, d\u00e9spota, orgulloso, ostentoso, intolerante y arrogante. Probablemente con este rosario de defectos los leo me van a odiar a muerte, pero el secreto para que se les quite el enojo es hacerles cari\u00f1o igual que a un gato, y convencerlos de que todos los reyes tiene uno que otro defecto\u2026 pronto estar\u00e1 ronroneando.<\/p>\n<p><img loading=\"lazy\" decoding=\"async\" style=\"margin: 2px;\" src=\"https:\/\/www.zocalo.cl\/brujita\/brujerias\/virgo.gif\" alt=\"\" width=\"38\" height=\"45\"><strong>VIRGO:<\/strong> hipercr\u00edtico, astuto, de mal genio, hipocondr\u00edaco, sin sentimientos y suele ser el cliente m\u00e1s molesto de m\u00e9dicos y psic\u00f3logos. \u00bfQu\u00e9 se hace?; pues mejor ll\u00e9vatelo a una parranda de esas hist\u00f3ricas en las que se le aflojen todos sus minuciosos esquemas\u2026 de ah\u00ed saldr\u00e1 renovado, y con una sonrisa de oreja a oreja.<\/p>\n<p><img loading=\"lazy\" decoding=\"async\" style=\"margin: 2px;\" src=\"https:\/\/www.zocalo.cl\/brujita\/brujerias\/libra.gif\" alt=\"\" width=\"43\" height=\"41\"><strong>LIBRA:<\/strong> perezoso, indolente, incapaz de decidir, enamorado del amor; demasiada delicadeza, falta de confianza en s\u00ed mismo, muy blando, inconstante. Todos estos problemas nacen de su capacidad para ver todos los matices de una situaci\u00f3n; te sugiero que le regales unos anteojos que lo hagan ver todo de un color, de preferencia rosa, para que se le alegre el alma.<\/p>\n<p><img loading=\"lazy\" decoding=\"async\" style=\"margin: 2px;\" src=\"https:\/\/www.zocalo.cl\/brujita\/brujerias\/escorpion.gif\" alt=\"\" width=\"39\" height=\"44\"><strong>ESCORPI\u00d3N:<\/strong> obstinado, sarc\u00e1stico, falto de piedad, libertino; con tendencia a esclavizar a otros; implacable, capaz de deliberada crueldad, de cobijar resentimientos. Es f\u00e1cil imaginarse que enfrentarse con un ejemplar de estos no es tarea sencilla\u2026 te aconsejo una armadura multiuso.<\/p>\n<p><img loading=\"lazy\" decoding=\"async\" style=\"margin: 2px;\" src=\"https:\/\/www.zocalo.cl\/brujita\/brujerias\/sagitario.gif\" alt=\"\" width=\"43\" height=\"41\"><strong>SAGITARIO:<\/strong> es extravagante, exagerado, sin tacto, descuidado, demasiado moralista; siempre inquieto, un tipo de playboy; impulsivo y siempre confiando en los golpes de suerte. Para tratar con estos individuos hay que poner a resguardo las cosas quebrables y dejar a un lado la rigidez, pues te la echan abajo de una sola sonrisa.<\/p>\n<p><img loading=\"lazy\" decoding=\"async\" style=\"margin: 2px;\" src=\"https:\/\/www.zocalo.cl\/brujita\/brujerias\/capricornio.gif\" alt=\"\" width=\"43\" height=\"42\"><strong>CAPRICORNIO:<\/strong> tienen una actitud muy utilitaria o materialista ante la vida; conducta muy dura hacia la gente joven; puntualidad y orden extremos; tambi\u00e9n ego\u00edsmo, estrechez de miras, crueldad, cr\u00edtica, insensibilidad; y definitivamente pesimistas. Sugerencias: desarmarles sus oscuridades con una gran sonrisa, un buen abrazo o regal\u00e1ndoles algo tierno, pues tambi\u00e9n tienen su corazoncito.<\/p>\n<p><img loading=\"lazy\" decoding=\"async\" style=\"margin: 2px;\" src=\"https:\/\/www.zocalo.cl\/brujita\/brujerias\/acuario.gif\" alt=\"\" width=\"43\" height=\"44\"><strong>ACUARIO:<\/strong> obstinados, perversos, demasiado r\u00edgidos, exc\u00e9ntricos, rebeldes; sin tacto, fan\u00e1ticos, demasiado desapegados, err\u00e1ticos, no convencionales. Aqu\u00ed si que no caben convencionalismos; ni corazones sensibles, pues para tratar con uno de estos hay que echarse al bolsillo todo concepto tradicional\u2026 si no puedes contra ellos\u2026 \u00faneteles.<\/p>\n<p><img loading=\"lazy\" decoding=\"async\" style=\"margin: 2px;\" src=\"https:\/\/www.zocalo.cl\/brujita\/brujerias\/piscis.gif\" alt=\"\" width=\"40\" height=\"43\"><strong>PISCIS:<\/strong> demasiado blandos, muy sentimentales, descuidados, indecisos, dejados; incomprensibles, temperamentales, confusos, d\u00e9biles de car\u00e1cter, dependiente de los dem\u00e1s. Con estos pescaditos hay que ser firmes pero tiernos; hay que convertirse en una especie de tronco firme de apoyo y pegarles una buena zarandeada de vez en cuando para que reaccionen.<\/p>\n<p style=\"text-align: center;\"><a href=\"https:\/\/www.zocalo.cl\/brujita\/?page_id=359\">volver a hor\u00f3scopos<\/a><\/p>\n","protected":false},"excerpt":{"rendered":"<p>ARIES: la peor cara de este carnero es que le gusta imponer sus ideas sobre el resto de la gente. Si no se le hace caso, entonces se volver\u00e1 un energ\u00fameno. Sugerencia: si lo quieres convencer de algo que no<\/p>\n","protected":false},"author":1,"featured_media":0,"parent":359,"menu_order":8,"comment_status":"closed","ping_status":"closed","template":"","meta":{"ngg_post_thumbnail":0,"_joinchat":[],"footnotes":""},"class_list":["post-414","page","type-page","status-publish","hentry"],"_links":{"self":[{"href":"https:\/\/www.zocalo.cl\/brujita\/wp-json\/wp\/v2\/pages\/414","targetHints":{"allow":["GET"]}}],"collection":[{"href":"https:\/\/www.zocalo.cl\/brujita\/wp-json\/wp\/v2\/pages"}],"about":[{"href":"https:\/\/www.zocalo.cl\/brujita\/wp-json\/wp\/v2\/types\/page"}],"author":[{"embeddable":true,"href":"https:\/\/www.zocalo.cl\/brujita\/wp-json\/wp\/v2\/users\/1"}],"replies":[{"embeddable":true,"href":"https:\/\/www.zocalo.cl\/brujita\/wp-json\/wp\/v2\/comments?post=414"}],"version-history":[{"count":0,"href":"https:\/\/www.zocalo.cl\/brujita\/wp-json\/wp\/v2\/pages\/414\/revisions"}],"up":[{"embeddable":true,"href":"https:\/\/www.zocalo.cl\/brujita\/wp-json\/wp\/v2\/pages\/359"}],"wp:attachment":[{"href":"https:\/\/www.zocalo.cl\/brujita\/wp-json\/wp\/v2\/media?parent=414"}],"curies":[{"name":"wp","href":"https:\/\/api.w.org\/{rel}","templated":true}]}}