{"id":211,"date":"2008-12-23T14:41:13","date_gmt":"2008-12-23T17:41:13","guid":{"rendered":"http:\/\/www.zocalo.cl\/brujita\/?page_id=211"},"modified":"2016-12-30T21:05:31","modified_gmt":"2016-12-31T00:05:31","slug":"leo","status":"publish","type":"page","link":"https:\/\/www.zocalo.cl\/brujita\/brujerias-varias\/astrologia\/signos-del-zodiaco\/leo\/","title":{"rendered":"Leo"},"content":{"rendered":"<figure style=\"width: 80px\" class=\"wp-caption alignright\"><img loading=\"lazy\" decoding=\"async\" style=\"margin: 2px;\" src=\"https:\/\/www.zocalo.cl\/brujita\/brujerias\/leo2.gif\" alt=\"Leo\" width=\"80\" height=\"80\" \/><figcaption class=\"wp-caption-text\">Leo<\/figcaption><\/figure>\n<h2>el le\u00f3n, signo de fuego<\/h2>\n<p><strong>Caracter\u00edsticas generales:<\/strong><\/p>\n<p>As\u00ed como Aries es impulsivo en la acci\u00f3n de cualquier manera que sea, Leo lo es tambi\u00e9n, pero lo es con el \u00fanico objetivo de poder lucir su capacidad de mando, porque por naturaleza es un l\u00edder. Casi siempre demuestra tener aplomo, con habilidad para mandar sin agresividad, a diferencia de Aries. Es de buen coraz\u00f3n, magn\u00e1nimo, con mucha confianza en s\u00ed mismo, entusiasta, buen organizador, le agradan las cosas \u00aba lo grande\u00bb y no puede concentrarse en los detalles. Es muy tolerante y franco, posee un fuerte sentido de lo dram\u00e1tico y le agradan los placeres, el lujo, las diversiones y entretenimientos. Mentalmente es intelectual, convincente, recto, honesto, noble. En el amor, tiene sentimientos fuertes y sinceros; es bondadoso, generoso y demostrativo en el afecto con los seres a quienes ama. Sin embargo, no es servicial y m\u00e1s bien le agrada que lo sirvan.<\/p>\n<p><strong>Defectos:<\/strong><\/p>\n<p>Dogm\u00e1tico, muy fijo en sus opiniones, orgulloso, ostentoso, de maneras d\u00e9spotas, sensual, altivo, intolerante, arrogante, demasiado alegre y festivo; dominante.<\/p>\n<table style=\"width: 85%;\" border=\"0\" cellspacing=\"0\" cellpadding=\"2\" align=\"center\">\n<tbody>\n<tr align=\"center\">\n<td width=\"25%\" bordercolor=\"#000000\"><a href=\"https:\/\/www.zocalo.cl\/brujita\/?page_id=198\"><img loading=\"lazy\" decoding=\"async\" src=\"https:\/\/www.zocalo.cl\/brujita\/brujerias\/aries2.gif\" border=\"0\" alt=\"aries\" width=\"80\" height=\"80\" \/><br \/>\naries<\/a><\/td>\n<td width=\"25%\"><a href=\"https:\/\/www.zocalo.cl\/brujita\/?page_id=200\" target=\"_self\"><img loading=\"lazy\" decoding=\"async\" src=\"https:\/\/www.zocalo.cl\/brujita\/brujerias\/taurus2.gif\" border=\"0\" alt=\"tauro\" width=\"80\" height=\"80\" \/><br \/>\ntauro <\/a><\/td>\n<td width=\"25%\"><a href=\"https:\/\/www.zocalo.cl\/brujita\/?page_id=202\" target=\"_self\"><img loading=\"lazy\" decoding=\"async\" src=\"https:\/\/www.zocalo.cl\/brujita\/brujerias\/gemini2.gif\" border=\"0\" alt=\"G\u00e9minis\" width=\"80\" height=\"80\" \/><br \/>\ng\u00e9minis <\/a><\/td>\n<td width=\"25%\"><a href=\"https:\/\/www.zocalo.cl\/brujita\/?page_id=208\"><img loading=\"lazy\" decoding=\"async\" class=\"aligncenter\" style=\"border: 0px;\" src=\"https:\/\/www.zocalo.cl\/brujita\/brujerias\/cancer2.gif\" border=\"0\" alt=\"C\u00e1ncer\" width=\"80\" height=\"80\" \/>c\u00e1ncer <\/a><\/td>\n<\/tr>\n<tr align=\"center\">\n<td width=\"8%\"><a href=\"https:\/\/www.zocalo.cl\/brujita\/?page_id=211\" target=\"_self\"><img loading=\"lazy\" decoding=\"async\" src=\"https:\/\/www.zocalo.cl\/brujita\/brujerias\/leo2.gif\" border=\"0\" alt=\"Leo\" width=\"80\" height=\"80\" \/><br \/>\nleo <\/a><\/td>\n<td width=\"8%\"><a href=\"https:\/\/www.zocalo.cl\/brujita\/?page_id=213\" target=\"_self\"><img loading=\"lazy\" decoding=\"async\" src=\"https:\/\/www.zocalo.cl\/brujita\/brujerias\/virgo2.gif\" border=\"0\" alt=\"Virgo\" width=\"80\" height=\"80\" \/><br \/>\nvirgo <\/a><\/td>\n<td width=\"8%\"><a href=\"https:\/\/www.zocalo.cl\/brujita\/?page_id=215\" target=\"_self\"><img loading=\"lazy\" decoding=\"async\" src=\"https:\/\/www.zocalo.cl\/brujita\/brujerias\/libra2.gif\" border=\"0\" alt=\"Libra\" width=\"80\" height=\"80\" \/><br \/>\nlibra <\/a><\/td>\n<td width=\"1%\"><a href=\"https:\/\/www.zocalo.cl\/brujita\/?page_id=217\" target=\"_self\"><img loading=\"lazy\" decoding=\"async\" src=\"https:\/\/www.zocalo.cl\/brujita\/brujerias\/scorpio2.gif\" border=\"0\" alt=\"Escorpi\u00f3n\" width=\"80\" height=\"80\" \/><br \/>\nescorpi\u00f3n <\/a><\/td>\n<\/tr>\n<tr align=\"center\">\n<td width=\"8%\" height=\"94\"><a href=\"https:\/\/www.zocalo.cl\/brujita\/?page_id=219\"><img loading=\"lazy\" decoding=\"async\" class=\"aligncenter\" style=\"border: 0px;\" src=\"https:\/\/www.zocalo.cl\/brujita\/brujerias\/sagittarius2.gif\" border=\"0\" alt=\"Sagitario\" width=\"80\" height=\"80\" \/><\/a><a href=\"https:\/\/www.zocalo.cl\/brujita\/?page_id=219\" target=\"_self\">sagitario<\/a><\/td>\n<td width=\"8%\" height=\"94\"><a href=\"https:\/\/www.zocalo.cl\/brujita\/?page_id=221\" target=\"_self\"><img loading=\"lazy\" decoding=\"async\" src=\"https:\/\/www.zocalo.cl\/brujita\/brujerias\/capricorn2.gif\" border=\"0\" alt=\"Capricornio\" width=\"80\" height=\"80\" \/><br \/>\ncapricornio<\/a><\/td>\n<td width=\"8%\" height=\"94\"><a href=\"https:\/\/www.zocalo.cl\/brujita\/?page_id=224\" target=\"_self\"><img loading=\"lazy\" decoding=\"async\" src=\"https:\/\/www.zocalo.cl\/brujita\/brujerias\/aquarius2.gif\" border=\"0\" alt=\"Acuario\" width=\"80\" height=\"80\" \/><br \/>\nacuario <\/a><\/td>\n<td width=\"1%\" height=\"94\"><a href=\"https:\/\/www.zocalo.cl\/brujita\/?page_id=226\" target=\"_self\"><img loading=\"lazy\" decoding=\"async\" src=\"https:\/\/www.zocalo.cl\/brujita\/brujerias\/pisces2.gif\" border=\"0\" alt=\"Piscis\" width=\"80\" height=\"80\" \/><br \/>\npiscis <\/a><\/td>\n<\/tr>\n<\/tbody>\n<\/table>\n","protected":false},"excerpt":{"rendered":"<p>el le\u00f3n, signo de fuego Caracter\u00edsticas generales: As\u00ed como Aries es impulsivo en la acci\u00f3n de cualquier manera que sea, Leo lo es tambi\u00e9n, pero lo es con el \u00fanico objetivo de poder lucir su capacidad de mando, porque por<\/p>\n","protected":false},"author":1,"featured_media":0,"parent":196,"menu_order":5,"comment_status":"closed","ping_status":"closed","template":"","meta":{"ngg_post_thumbnail":0,"_joinchat":[],"footnotes":""},"class_list":["post-211","page","type-page","status-publish","hentry"],"_links":{"self":[{"href":"https:\/\/www.zocalo.cl\/brujita\/wp-json\/wp\/v2\/pages\/211","targetHints":{"allow":["GET"]}}],"collection":[{"href":"https:\/\/www.zocalo.cl\/brujita\/wp-json\/wp\/v2\/pages"}],"about":[{"href":"https:\/\/www.zocalo.cl\/brujita\/wp-json\/wp\/v2\/types\/page"}],"author":[{"embeddable":true,"href":"https:\/\/www.zocalo.cl\/brujita\/wp-json\/wp\/v2\/users\/1"}],"replies":[{"embeddable":true,"href":"https:\/\/www.zocalo.cl\/brujita\/wp-json\/wp\/v2\/comments?post=211"}],"version-history":[{"count":0,"href":"https:\/\/www.zocalo.cl\/brujita\/wp-json\/wp\/v2\/pages\/211\/revisions"}],"up":[{"embeddable":true,"href":"https:\/\/www.zocalo.cl\/brujita\/wp-json\/wp\/v2\/pages\/196"}],"wp:attachment":[{"href":"https:\/\/www.zocalo.cl\/brujita\/wp-json\/wp\/v2\/media?parent=211"}],"curies":[{"name":"wp","href":"https:\/\/api.w.org\/{rel}","templated":true}]}}