{"id":202,"date":"2008-12-23T14:39:01","date_gmt":"2008-12-23T17:39:01","guid":{"rendered":"http:\/\/www.zocalo.cl\/brujita\/?page_id=202"},"modified":"2016-12-30T21:05:31","modified_gmt":"2016-12-31T00:05:31","slug":"geminis","status":"publish","type":"page","link":"https:\/\/www.zocalo.cl\/brujita\/brujerias-varias\/astrologia\/signos-del-zodiaco\/geminis\/","title":{"rendered":"G\u00e9minis"},"content":{"rendered":"<figure style=\"width: 80px\" class=\"wp-caption alignright\"><img loading=\"lazy\" decoding=\"async\" style=\"border: 0pt none; margin: 2px;\" src=\"https:\/\/www.zocalo.cl\/brujita\/brujerias\/gemini2.gif\" border=\"0\" alt=\"G\u00e9minis\" width=\"80\" height=\"80\" \/><figcaption class=\"wp-caption-text\">G\u00e9minis<\/figcaption><\/figure>\n<h2>los gemelos, signo de aire<\/h2>\n<p><strong><\/strong><br \/>\nEl nativo de G\u00e9minis es adaptable, comunicativo, vers\u00e1til, muy inquieto, racional, m\u00e1s intelectual que emocional, le agrada conversar y hasta discutir si es posible. Tiene necesidad de expresarse en forma oral o escrita, de ah\u00ed que trate de estar siempre bien informado. Como signo dual es vers\u00e1til, multifac\u00e9tico y tiende a vivir una vida doble. Es expresivo, capta r\u00e1pidamente, le agrada viajar y visitar parientes y amigos, y se adapta a las circunstancias. En sus ratos de ocio tiene actividades diversas e interesantes, elige juegos que son m\u00e1s destreza o ingenio que aquellos en\u00e9rgicos o ruidosos. Es muy \u00e1gil con los pies, manos, vista y cerebro, lo cual combina muy bien en deportes como la esgrima. Cuando habla, siempre est\u00e1 gesticulando con manos y brazos. Mentalmente es \u00e1gil, inteligente, aprende f\u00e1cilmente y es bueno para los idiomas; es locuaz. En el amor tiende a ser alegre, inconstante, afectivamente fr\u00edo; le gusta cortejar sin emocionarse y a veces es probable que juegue doble.<\/p>\n<p>Caracter\u00edsticas generales:<\/p>\n<p>\u00a0<\/p>\n<p><strong>Defectos:<\/strong><\/p>\n<p>La superficialidad es su mayor defecto; falto de continuidad, cabeza de \u00abpollo\u00bb; posee dos caras, es difuso, inconsistente, astuto, disipa sus energ\u00edas nerviosas; demasiado curioso e inquieto; falto de concentraci\u00f3n, charlat\u00e1n.<\/p>\n<table style=\"width: 85%;\" border=\"0\" cellspacing=\"0\" cellpadding=\"2\" align=\"center\">\n<tbody>\n<tr align=\"center\">\n<td width=\"25%\" bordercolor=\"#000000\"><a href=\"https:\/\/www.zocalo.cl\/brujita\/?page_id=198\"><img loading=\"lazy\" decoding=\"async\" src=\"https:\/\/www.zocalo.cl\/brujita\/brujerias\/aries2.gif\" border=\"0\" alt=\"aries\" width=\"80\" height=\"80\" \/><br \/>\naries<\/a><\/td>\n<td width=\"25%\"><a href=\"https:\/\/www.zocalo.cl\/brujita\/?page_id=200\" target=\"_self\"><img loading=\"lazy\" decoding=\"async\" src=\"https:\/\/www.zocalo.cl\/brujita\/brujerias\/taurus2.gif\" border=\"0\" alt=\"tauro\" width=\"80\" height=\"80\" \/><br \/>\ntauro <\/a><\/td>\n<td width=\"25%\"><a href=\"https:\/\/www.zocalo.cl\/brujita\/?page_id=202\" target=\"_self\"><img loading=\"lazy\" decoding=\"async\" src=\"https:\/\/www.zocalo.cl\/brujita\/brujerias\/gemini2.gif\" border=\"0\" alt=\"G\u00e9minis\" width=\"80\" height=\"80\" \/><br \/>\ng\u00e9minis <\/a><\/td>\n<td width=\"25%\"><a href=\"https:\/\/www.zocalo.cl\/brujita\/?page_id=208\"><img loading=\"lazy\" decoding=\"async\" class=\"aligncenter\" style=\"border: 0px;\" src=\"https:\/\/www.zocalo.cl\/brujita\/brujerias\/cancer2.gif\" border=\"0\" alt=\"C\u00e1ncer\" width=\"80\" height=\"80\" \/>c\u00e1ncer <\/a><\/td>\n<\/tr>\n<tr align=\"center\">\n<td width=\"8%\"><a href=\"https:\/\/www.zocalo.cl\/brujita\/?page_id=211\" target=\"_self\"><img loading=\"lazy\" decoding=\"async\" src=\"https:\/\/www.zocalo.cl\/brujita\/brujerias\/leo2.gif\" border=\"0\" alt=\"Leo\" width=\"80\" height=\"80\" \/><br \/>\nleo <\/a><\/td>\n<td width=\"8%\"><a href=\"https:\/\/www.zocalo.cl\/brujita\/?page_id=213\" target=\"_self\"><img loading=\"lazy\" decoding=\"async\" src=\"https:\/\/www.zocalo.cl\/brujita\/brujerias\/virgo2.gif\" border=\"0\" alt=\"Virgo\" width=\"80\" height=\"80\" \/><br \/>\nvirgo <\/a><\/td>\n<td width=\"8%\"><a href=\"https:\/\/www.zocalo.cl\/brujita\/?page_id=215\" target=\"_self\"><img loading=\"lazy\" decoding=\"async\" src=\"https:\/\/www.zocalo.cl\/brujita\/brujerias\/libra2.gif\" border=\"0\" alt=\"Libra\" width=\"80\" height=\"80\" \/><br \/>\nlibra <\/a><\/td>\n<td width=\"1%\"><a href=\"https:\/\/www.zocalo.cl\/brujita\/?page_id=217\" target=\"_self\"><img loading=\"lazy\" decoding=\"async\" src=\"https:\/\/www.zocalo.cl\/brujita\/brujerias\/scorpio2.gif\" border=\"0\" alt=\"Escorpi\u00f3n\" width=\"80\" height=\"80\" \/><br \/>\nescorpi\u00f3n <\/a><\/td>\n<\/tr>\n<tr align=\"center\">\n<td width=\"8%\" height=\"94\"><a href=\"https:\/\/www.zocalo.cl\/brujita\/?page_id=219\"><img loading=\"lazy\" decoding=\"async\" class=\"aligncenter\" style=\"border: 0px;\" src=\"https:\/\/www.zocalo.cl\/brujita\/brujerias\/sagittarius2.gif\" border=\"0\" alt=\"Sagitario\" width=\"80\" height=\"80\" \/><\/a><a href=\"https:\/\/www.zocalo.cl\/brujita\/?page_id=219\" target=\"_self\">sagitario<\/a><\/td>\n<td width=\"8%\" height=\"94\"><a href=\"https:\/\/www.zocalo.cl\/brujita\/?page_id=221\" target=\"_self\"><img loading=\"lazy\" decoding=\"async\" src=\"https:\/\/www.zocalo.cl\/brujita\/brujerias\/capricorn2.gif\" border=\"0\" alt=\"Capricornio\" width=\"80\" height=\"80\" \/><br \/>\ncapricornio<\/a><\/td>\n<td width=\"8%\" height=\"94\"><a href=\"https:\/\/www.zocalo.cl\/brujita\/?page_id=224\" target=\"_self\"><img loading=\"lazy\" decoding=\"async\" src=\"https:\/\/www.zocalo.cl\/brujita\/brujerias\/aquarius2.gif\" border=\"0\" alt=\"Acuario\" width=\"80\" height=\"80\" \/><br \/>\nacuario <\/a><\/td>\n<td width=\"1%\" height=\"94\"><a href=\"https:\/\/www.zocalo.cl\/brujita\/?page_id=226\" target=\"_self\"><img loading=\"lazy\" decoding=\"async\" src=\"https:\/\/www.zocalo.cl\/brujita\/brujerias\/pisces2.gif\" border=\"0\" alt=\"Piscis\" width=\"80\" height=\"80\" \/><br \/>\npiscis <\/a><\/td>\n<\/tr>\n<\/tbody>\n<\/table>\n","protected":false},"excerpt":{"rendered":"<p>los gemelos, signo de aire El nativo de G\u00e9minis es adaptable, comunicativo, vers\u00e1til, muy inquieto, racional, m\u00e1s intelectual que emocional, le agrada conversar y hasta discutir si es posible. Tiene necesidad de expresarse en forma oral o escrita, de ah\u00ed<\/p>\n","protected":false},"author":1,"featured_media":0,"parent":196,"menu_order":3,"comment_status":"closed","ping_status":"closed","template":"","meta":{"ngg_post_thumbnail":0,"_joinchat":[],"footnotes":""},"class_list":["post-202","page","type-page","status-publish","hentry"],"_links":{"self":[{"href":"https:\/\/www.zocalo.cl\/brujita\/wp-json\/wp\/v2\/pages\/202","targetHints":{"allow":["GET"]}}],"collection":[{"href":"https:\/\/www.zocalo.cl\/brujita\/wp-json\/wp\/v2\/pages"}],"about":[{"href":"https:\/\/www.zocalo.cl\/brujita\/wp-json\/wp\/v2\/types\/page"}],"author":[{"embeddable":true,"href":"https:\/\/www.zocalo.cl\/brujita\/wp-json\/wp\/v2\/users\/1"}],"replies":[{"embeddable":true,"href":"https:\/\/www.zocalo.cl\/brujita\/wp-json\/wp\/v2\/comments?post=202"}],"version-history":[{"count":0,"href":"https:\/\/www.zocalo.cl\/brujita\/wp-json\/wp\/v2\/pages\/202\/revisions"}],"up":[{"embeddable":true,"href":"https:\/\/www.zocalo.cl\/brujita\/wp-json\/wp\/v2\/pages\/196"}],"wp:attachment":[{"href":"https:\/\/www.zocalo.cl\/brujita\/wp-json\/wp\/v2\/media?parent=202"}],"curies":[{"name":"wp","href":"https:\/\/api.w.org\/{rel}","templated":true}]}}