{"id":145,"date":"2008-12-23T13:29:52","date_gmt":"2008-12-23T16:29:52","guid":{"rendered":"http:\/\/www.zocalo.cl\/brujita\/?page_id=145"},"modified":"2025-02-28T09:49:55","modified_gmt":"2025-02-28T12:49:55","slug":"brujerias-varias","status":"publish","type":"page","link":"https:\/\/www.zocalo.cl\/brujita\/","title":{"rendered":"Or\u00e1culos"},"content":{"rendered":"<p>Hace casi 30 a\u00f1os que lleg\u00f3 a mis manos un libro de astrolog\u00eda en el que ense\u00f1aban a calcular cartas astrales. Por esa \u00e9poca yo&nbsp;era una incr\u00e9dula de primer orden, as\u00ed que decid\u00ed poner a prueba esta extra\u00f1a \u00abciencia\u00bb y me hice mi propia carta. Cu\u00e1l ser\u00eda mi sorpresa al descubrir que despu\u00e9s de unos c\u00e1lculos no muy complejos, surg\u00eda una descripci\u00f3n de mi personalidad que inclu\u00eda hasta esos aspectos oscuros que uno no confiesa a persona alguna.<\/p>\n<p>Desde esa memorable ocasi\u00f3n en adelante he estudiado sin parar, sobre tarot, astrolog\u00eda, runas, I Ching, lectura de manos, adem\u00e1s de leer mucho sobre chamanismo, sicolog\u00eda,&nbsp;religiones varias y \u00faltimamente, mucho sobre desarrollo de la conciencia.<br \/>\nNo me gusta&nbsp;el tema de la <a href=\"https:\/\/zocalo.cl\/enamoralaverdad\/magia-negra\/\">magia negra ni hechizos, embrujos ni amarres, ni nada de esas t\u00e9cnicas&nbsp;oscurantistas que limitan el libre albedr\u00edo de las personas<\/a>.<br \/>\nSi quieres leer m\u00e1s en detalle de mi b\u00fasqueda y despertar, mira la secci\u00f3n <a href=\"https:\/\/zocalo.cl\/enamoralaverdad\/category\/reflejos-interiores\/\">Reflejos interiores en mi otra web.<\/a><\/p>\n<p>Hace 20 a\u00f1os aprend\u00ed a hacer <a href=\"https:\/\/zocalo.cl\/enamoralaverdad\/sanaciones\/\">sanaciones<\/a> por imposici\u00f3n de manos. He tomado&nbsp;cursos, he aprendido nuevas t\u00e9cnicas. Aprend\u00ed sobre el origen de las enfermedades, y como ayudar a las personas a curarse. Tambi\u00e9n hago terapias con&nbsp;<a href=\"https:\/\/zocalo.cl\/enamoralaverdad\/flores-de-bach\/\">esencias florales<\/a>.<\/p>\n<p><strong>Si quieres&nbsp;atenderte conmigo ll\u00e1mame al +569&nbsp;8 7695497 (Chile) o escr\u00edbeme <\/strong><a href=\"https:\/\/www.zocalo.cl\/contacto.php\"><img loading=\"lazy\" decoding=\"async\" src=\"https:\/\/www.zocalo.cl\/brujita\/imagenes\/mail.gif\" alt=\"mail\" width=\"40\" height=\"34\" border=\"0\"><\/a><\/p>\n<p>Te invito a que le des una mirada a lo que puse aqu\u00ed.<\/p>\n<ul>\n<li style=\"list-style-type: none;\">\n<ul>\n<li><a class=\"negrita\" href=\"https:\/\/www.zocalo.cl\/brujita\/brujerias\/lecturatarot.php\">Lectura gratuita de tarot online<\/a><\/li>\n<li><a title=\"Lectura pagada de tarot\" href=\"https:\/\/www.zocalo.cl\/brujita\/brujerias\/lecturatarot2.php\">Tres preguntas por $ &nbsp;9000<\/a><\/li>\n<li><a href=\"https:\/\/zocalo.cl\/enamoralaverdad\/sanaciones\/\">\u00bfC\u00f3mo sanarse de enfermedades? \u00bfC\u00f3mo saber de vidas pasadas?<\/a><\/li>\n<li><a href=\"https:\/\/zocalo.cl\/enamoralaverdad\/flores-de-bach\/\">Esencias Florales<\/a><\/li>\n<li><a href=\"https:\/\/www.zocalo.cl\/brujita\/brujerias-varias\/algo-sobre-el-tarot-y-su-historia\/\">Historia del tarot<\/a><\/li>\n<li><a href=\"https:\/\/www.zocalo.cl\/brujita\/brujerias-varias\/las-runas\/\">Las runas, un bello or\u00e1culo de origen n\u00f3rdico que se ha hecho conocido gracias a Tolkien<\/a><\/li>\n<li><a class=\"link\" href=\"https:\/\/www.zocalo.cl\/brujita\/brujerias-varias\/astrologia\/\">Sobre astrolog\u00eda, cartas natales y algo de cada uno de los signos<\/a><\/li>\n<li><a class=\"link\" href=\"https:\/\/www.zocalo.cl\/brujita\/brujerias-varias\/astrologia\/horoscopos-con-humor\/\">Hor\u00f3scopos: caracter\u00edsticas de los signos mezcladas con un poco de humor<\/a><\/li>\n<li><a href=\"https:\/\/www.zocalo.cl\/brujita\/brujerias-varias\/horoscopo-chino\/\">Hor\u00f3scopo chino; se basa en los movimientos de la luna. Averigua tu signo y tu credo. Y est\u00e1n todas las cominaciones de posibles parejas, m\u00e1s las combinaciones con los doce signos tradicionales.<\/a><\/li>\n<\/ul>\n<\/li>\n<\/ul>\n<p style=\"text-align: center;\"><img loading=\"lazy\" decoding=\"async\" src=\"https:\/\/www.zocalo.cl\/brujita\/brujerias\/tarot\/coyote2.jpg\" alt=\"Naipe\" width=\"50\" height=\"95\" border=\"0\">&nbsp; <img loading=\"lazy\" decoding=\"async\" class=\"alignnone wp-image-2455\" src=\"https:\/\/www.zocalo.cl\/brujita\/\/wp-content\/uploads\/2016\/03\/cropped-icon-1-300x300.jpg\" alt=\"\" width=\"83\" height=\"83\" srcset=\"https:\/\/www.zocalo.cl\/brujita\/wp-content\/uploads\/2016\/03\/cropped-icon-1-300x300.jpg 300w, https:\/\/www.zocalo.cl\/brujita\/wp-content\/uploads\/2016\/03\/cropped-icon-1-150x150.jpg 150w, https:\/\/www.zocalo.cl\/brujita\/wp-content\/uploads\/2016\/03\/cropped-icon-1-400x400.jpg 400w, https:\/\/www.zocalo.cl\/brujita\/wp-content\/uploads\/2016\/03\/cropped-icon-1-270x270.jpg 270w, https:\/\/www.zocalo.cl\/brujita\/wp-content\/uploads\/2016\/03\/cropped-icon-1-192x192.jpg 192w, https:\/\/www.zocalo.cl\/brujita\/wp-content\/uploads\/2016\/03\/cropped-icon-1-180x180.jpg 180w, https:\/\/www.zocalo.cl\/brujita\/wp-content\/uploads\/2016\/03\/cropped-icon-1-32x32.jpg 32w, https:\/\/www.zocalo.cl\/brujita\/wp-content\/uploads\/2016\/03\/cropped-icon-1.jpg 512w\" sizes=\"auto, (max-width: 83px) 100vw, 83px\" \/> <img loading=\"lazy\" decoding=\"async\" class=\"alignnone\" src=\"https:\/\/www.zocalo.cl\/brujita\/brujerias\/runas\/r24.gif\" alt=\"Runa\" width=\"51\" height=\"75\" border=\"0\"><img loading=\"lazy\" decoding=\"async\" src=\"https:\/\/www.zocalo.cl\/brujita\/brujerias\/pisces2.gif\" alt=\"Piscis\" width=\"80\" height=\"80\" border=\"0\"><img loading=\"lazy\" decoding=\"async\" src=\"https:\/\/www.zocalo.cl\/brujita\/brujerias\/68.gif\" alt=\"Brujita revoltosa\" width=\"103\" height=\"95\" border=\"0\"><img loading=\"lazy\" decoding=\"async\" class=\"alignnone\" src=\"https:\/\/www.zocalo.cl\/brujita\/brujerias\/tigre2.jpg\" alt=\"Chino\" width=\"90\" height=\"90\" border=\"0\"><\/p>\n<p>&nbsp;<\/p>\n<p>&nbsp;<\/p>\n","protected":false},"excerpt":{"rendered":"<p>Hace casi 30 a\u00f1os que lleg\u00f3 a mis manos un libro de astrolog\u00eda en el que ense\u00f1aban a calcular cartas astrales. Por esa \u00e9poca yo&nbsp;era una incr\u00e9dula de primer orden, as\u00ed que decid\u00ed poner a prueba esta extra\u00f1a \u00abciencia\u00bb y<\/p>\n","protected":false},"author":1,"featured_media":0,"parent":0,"menu_order":1,"comment_status":"closed","ping_status":"closed","template":"","meta":{"ngg_post_thumbnail":0,"_joinchat":[],"footnotes":""},"class_list":["post-145","page","type-page","status-publish","hentry"],"_links":{"self":[{"href":"https:\/\/www.zocalo.cl\/brujita\/wp-json\/wp\/v2\/pages\/145","targetHints":{"allow":["GET"]}}],"collection":[{"href":"https:\/\/www.zocalo.cl\/brujita\/wp-json\/wp\/v2\/pages"}],"about":[{"href":"https:\/\/www.zocalo.cl\/brujita\/wp-json\/wp\/v2\/types\/page"}],"author":[{"embeddable":true,"href":"https:\/\/www.zocalo.cl\/brujita\/wp-json\/wp\/v2\/users\/1"}],"replies":[{"embeddable":true,"href":"https:\/\/www.zocalo.cl\/brujita\/wp-json\/wp\/v2\/comments?post=145"}],"version-history":[{"count":0,"href":"https:\/\/www.zocalo.cl\/brujita\/wp-json\/wp\/v2\/pages\/145\/revisions"}],"wp:attachment":[{"href":"https:\/\/www.zocalo.cl\/brujita\/wp-json\/wp\/v2\/media?parent=145"}],"curies":[{"name":"wp","href":"https:\/\/api.w.org\/{rel}","templated":true}]}}